{"id":1088,"date":"2024-03-19T12:26:11","date_gmt":"2024-03-19T10:26:11","guid":{"rendered":"https:\/\/www.salutialimentacio.com\/?page_id=1088"},"modified":"2024-05-03T12:10:25","modified_gmt":"2024-05-03T10:10:25","slug":"quien-soy","status":"publish","type":"page","link":"https:\/\/www.salutialimentacio.com\/es\/quien-soy\/","title":{"rendered":"QUIEN SOY"},"content":{"rendered":"<div class=\"wpb-content-wrapper\"><p>[vc_row css_animation=\u00bb\u00bb row_type=\u00bbrow\u00bb use_row_as_full_screen_section=\u00bbno\u00bb type=\u00bbfull_width\u00bb angled_section=\u00bbno\u00bb text_align=\u00bbleft\u00bb background_image_as_pattern=\u00bbwithout_pattern\u00bb][vc_column][vc_single_image image=\u00bb517&#8243; img_size=\u00bbfull\u00bb alignment=\u00bbcenter\u00bb qode_css_animation=\u00bb\u00bb][\/vc_column][\/vc_row][vc_row css_animation=\u00bb\u00bb row_type=\u00bbrow\u00bb use_row_as_full_screen_section=\u00bbno\u00bb type=\u00bbgrid\u00bb angled_section=\u00bbno\u00bb text_align=\u00bbleft\u00bb background_image_as_pattern=\u00bbwithout_pattern\u00bb z_index=\u00bb\u00bb padding_top=\u00bb30&#8243;][vc_column][vc_column_text]<\/p>\n<p style=\"text-align: right;\"><a href=\"\/es\/\"><small>INICIO<\/small><\/a> <small>\/ QUIEN SOY Y QU\u00c9 ES SALUD Y ALIMENTACI\u00d3N<\/small><\/p>\n<p>[\/vc_column_text][\/vc_column][\/vc_row][vc_row css_animation=\u00bb\u00bb row_type=\u00bbrow\u00bb use_row_as_full_screen_section=\u00bbno\u00bb type=\u00bbgrid\u00bb angled_section=\u00bbno\u00bb text_align=\u00bbleft\u00bb background_image_as_pattern=\u00bbwithout_pattern\u00bb z_index=\u00bb\u00bb padding_top=\u00bb50&#8243; padding_bottom=\u00bb75&#8243; anchor=\u00bbinici\u00bb][vc_column][vc_column_text]<\/p>\n<h1 style=\"text-align: center;\">Quien soy y qu\u00e9 es Salud y Alimentaci\u00f3n<\/h1>\n<p>[\/vc_column_text][vc_column_text]<\/p>\n<p style=\"font-size: 20px; color: #49323a; font-weight: 600; line-height: 1.25; text-align: center;\">bienvenidos a una jornada de bienestar y crecimiento con SA<\/p>\n<p>[\/vc_column_text][vc_empty_space height=\u00bb75&#8243;][vc_row_inner row_type=\u00bbrow\u00bb type=\u00bbfull_width\u00bb text_align=\u00bbleft\u00bb css_animation=\u00bb\u00bb][vc_column_inner width=\u00bb1\/6&#8243;][\/vc_column_inner][vc_column_inner width=\u00bb1\/6&#8243; offset=\u00bbvc_col-xs-6 vc_hidden-xs\u00bb][vc_single_image image=\u00bb344&#8243; img_size=\u00bb125X125&#8243; alignment=\u00bbcenter\u00bb onclick=\u00bbcustom_link\u00bb qode_css_animation=\u00bb\u00bb link=\u00bb\/es\/asesoramiento-nutricional\/\u00bb][vc_empty_space height=\u00bb15&#8243;][vc_column_text]<\/p>\n<p style=\"text-align: center;\"><a href=\"\/es\/asesoramiento-nutricional\/\">NUTRICI\u00d3N<\/a><\/p>\n<p>[\/vc_column_text][vc_empty_space height=\u00bb25&#8243;][\/vc_column_inner][vc_column_inner width=\u00bb1\/6&#8243; offset=\u00bbvc_col-xs-6 vc_hidden-xs\u00bb][vc_single_image image=\u00bb342&#8243; img_size=\u00bb125X125&#8243; alignment=\u00bbcenter\u00bb onclick=\u00bbcustom_link\u00bb qode_css_animation=\u00bb\u00bb link=\u00bb\/es\/el-gimnasio\/\u00bb][vc_empty_space height=\u00bb15&#8243;][vc_column_text]<\/p>\n<p style=\"text-align: center;\"><a href=\"\/es\/el-gimnasio\/\">GIMNASIO<\/a><\/p>\n<p>[\/vc_column_text][vc_empty_space height=\u00bb25&#8243;][\/vc_column_inner][vc_column_inner width=\u00bb1\/6&#8243; offset=\u00bbvc_col-xs-6 vc_hidden-xs\u00bb][vc_single_image image=\u00bb338&#8243; img_size=\u00bb125X125&#8243; alignment=\u00bbcenter\u00bb onclick=\u00bbcustom_link\u00bb qode_css_animation=\u00bb\u00bb link=\u00bb\/es\/plan-de-salud\/\u00bb][vc_empty_space height=\u00bb15&#8243;][vc_column_text]<\/p>\n<p style=\"text-align: center;\"><a href=\"\/es\/plan-de-salud\/\">SALUD<\/a><\/p>\n<p>[\/vc_column_text][vc_empty_space height=\u00bb25&#8243;][\/vc_column_inner][vc_column_inner width=\u00bb1\/6&#8243; offset=\u00bbvc_col-xs-6 vc_hidden-xs\u00bb][vc_single_image image=\u00bb719&#8243; img_size=\u00bb125X125&#8243; alignment=\u00bbcenter\u00bb onclick=\u00bbcustom_link\u00bb qode_css_animation=\u00bb\u00bb link=\u00bb\/es\/eventos\/\u00bb][vc_empty_space height=\u00bb15&#8243;][vc_column_text]<\/p>\n<p style=\"text-align: center;\"><a href=\"\/es\/eventos\/\">EVENTOS<\/a><\/p>\n<p>[\/vc_column_text][vc_empty_space height=\u00bb75&#8243;][\/vc_column_inner][vc_column_inner width=\u00bb1\/6&#8243;][\/vc_column_inner][\/vc_row_inner][vc_column_text]Me hace mucha ilusi\u00f3n compartir con vosotros mi querido proyecto de vida, <strong>SA &#8211; Salud y Alimentaci\u00f3n<\/strong>, una iniciativa que he ido construyendo con amor desde mis 16 a\u00f1os. Las iniciales representan Salud y Alimentaci\u00f3n, mi nombre, Sandra, y todo lo referente a <strong>SA<\/strong>ludable.<\/p>\n<p>&nbsp;<\/p>\n<p>Con m\u00e1s de dos d\u00e9cadas de experiencia en los \u00e1mbitos de la salud, la alimentaci\u00f3n y el deporte, he sido impregnada de esa filosof\u00eda de vida. Durante mis estudios en Nutrici\u00f3n Humana y Diet\u00e9tica en Barcelona, simult\u00e1neamente trabajaba en varios centros deportivos, ofreciendo actividades dirigidas. Hoy en d\u00eda, combino con pasi\u00f3n estas dos vertientes de mi vida, ya que mi alma inquieta no me permite centrarme \u00fanicamente en una.<\/p>\n<p>&nbsp;<\/p>\n<p style=\"fuente-size: 20px; color: #1a8a9e; fuente-weight: 400; line-height: 1.25; texto-align: left; padding-left: 40px;\"><em>Me gustar\u00eda destacar la suerte que tengo que dedicarme a un trabajo que me llena el coraz\u00f3n. A menudo, ni siquiera parece estar trabajando. He encontrado mi sitio al acompa\u00f1ar con autenticidad y sinceridad a aquellas personas que conf\u00edan en m\u00ed para iniciar un cambio de h\u00e1bitos, abrazando un camino hacia un estilo de vida centrado en el cuidado personal.<\/em><\/p>\n<p>&nbsp;<\/p>\n<p>La mayor recompensa que experimento es ver c\u00f3mo estas personas alcanzan sus objetivos y empiezan a vivir de manera m\u00e1s saludable. Mi prop\u00f3sito esencial es educar y capacitar, para que cada uno pueda ser autosuficiente y asuma la responsabilidad de su propia salud. En resumen, mi misi\u00f3n es acompa\u00f1arles a aprender a cuidarse. Estoy inmensamente agradecida por este camino y emocionada por ver lo que el futuro me presenta.[\/vc_column_text][\/vc_column][\/vc_row][vc_row css_animation=\u00bb\u00bb row_type=\u00bbrow\u00bb use_row_as_full_screen_section=\u00bbno\u00bb type=\u00bbfull_width\u00bb angled_section=\u00bbno\u00bb text_align=\u00bbleft\u00bb background_image_as_pattern=\u00bbwithout_pattern\u00bb z_index=\u00bb10&#8243;][vc_column offset=\u00bbvc_hidden-xs\u00bb][vc_single_image image=\u00bb605&#8243; img_size=\u00bbfull\u00bb alignment=\u00bbcenter\u00bb qode_css_animation=\u00bb\u00bb][\/vc_column][\/vc_row][vc_row css_animation=\u00bb\u00bb row_type=\u00bbrow\u00bb use_row_as_full_screen_section=\u00bbno\u00bb type=\u00bbfull_width\u00bb angled_section=\u00bbno\u00bb text_align=\u00bbleft\u00bb background_image_as_pattern=\u00bbwithout_pattern\u00bb z_index=\u00bb5&#8243;][vc_column css=\u00bb.vc_custom_1714636616077{margin-top: -130px !important;}\u00bb offset=\u00bbvc_hidden-xs\u00bb][vc_empty_space height=\u00bb35&#8243;]<div class=\"call_to_action normal\" style=\"background-color: #49323a;padding-top: 87px;padding-bottom: 87px;\"><div class=\"container_inner\"><div class=\"two_columns_75_25 clearfix\"><div class=\"text_wrapper column1\"><div class=\"call_to_action_text  font_size_inherit font_weight_inherit letter_spacing_inherit\" style=\"font-size:36px;font-weight: 700;letter-spacing: 0px;\">Por cualquier consulta&#8230;<\/div><\/div><div class=\"button_wrapper column2\"><a itemprop=\"url\" href=\"\/es\/contacto\/\" class=\"qbutton white small\" target=\"_self\" style=\"color: #ffffff;border-color: #ffffff;background-color: #49323a;\" data-hover-background-color=#ffffff data-hover-border-color=#ffffff data-hover-color=#49323a>CONTACTA CON NOSOTROS<\/a><\/div><\/div><\/div><\/div>[\/vc_column][\/vc_row][vc_row css_animation=\u00bb\u00bb row_type=\u00bbrow\u00bb use_row_as_full_screen_section=\u00bbno\u00bb type=\u00bbfull_width\u00bb angled_section=\u00bbno\u00bb text_align=\u00bbleft\u00bb background_image_as_pattern=\u00bbwithout_pattern\u00bb][vc_column offset=\u00bbvc_hidden-lg vc_hidden-md vc_hidden-sm\u00bb][vc_empty_space height=\u00bb100&#8243;][\/vc_column][\/vc_row][vc_row css_animation=\u00bb\u00bb row_type=\u00bbrow\u00bb use_row_as_full_screen_section=\u00bbno\u00bb type=\u00bbfull_width\u00bb angled_section=\u00bbno\u00bb text_align=\u00bbleft\u00bb background_image_as_pattern=\u00bbwithout_pattern\u00bb z_index=\u00bb\u00bb][vc_column css=\u00bb.vc_custom_1714636625689{margin-top: -130px !important;}\u00bb offset=\u00bbvc_hidden-lg vc_hidden-md vc_hidden-sm\u00bb][vc_empty_space height=\u00bb35&#8243;]<div class=\"call_to_action normal\" style=\"background-color: #49323a;padding-top: 50px;padding-bottom: 50px;\"><div class=\"container_inner\"><div class=\"two_columns_75_25 clearfix\"><div class=\"text_wrapper column1\"><div class=\"call_to_action_text  font_size_inherit font_weight_inherit letter_spacing_inherit\" style=\"font-size:24px;font-weight: 700;letter-spacing: 0px;\">Por cualquier consulta&#8230;<\/div><\/div><div class=\"button_wrapper column2\"><a itemprop=\"url\" href=\"\/es\/contacto\/\" class=\"qbutton white small\" target=\"_self\" style=\"color: #ffffff;border-color: #ffffff;background-color: #49323a;\" data-hover-background-color=#ffffff data-hover-border-color=#ffffff data-hover-color=#49323a>CONTACTA CON NOSOTROS<\/a><\/div><\/div><\/div><\/div>[\/vc_column][\/vc_row]<\/p>\n<\/div>","protected":false},"excerpt":{"rendered":"<p>[vc_row css_animation=\u00bb\u00bb row_type=\u00bbrow\u00bb use_row_as_full_screen_section=\u00bbno\u00bb type=\u00bbfull_width\u00bb angled_section=\u00bbno\u00bb text_align=\u00bbleft\u00bb background_image_as_pattern=\u00bbwithout_pattern\u00bb][vc_column][vc_single_image image=\u00bb517&#8243; img_size=\u00bbfull\u00bb alignment=\u00bbcenter\u00bb qode_css_animation=\u00bb\u00bb][\/vc_column][\/vc_row][vc_row css_animation=\u00bb\u00bb row_type=\u00bbrow\u00bb use_row_as_full_screen_section=\u00bbno\u00bb type=\u00bbgrid\u00bb angled_section=\u00bbno\u00bb text_align=\u00bbleft\u00bb background_image_as_pattern=\u00bbwithout_pattern\u00bb z_index=\u00bb\u00bb padding_top=\u00bb30&#8243;][vc_column][vc_column_text] INICIO \/ QUIEN SOY&hellip; <a class=\"continue\" href=\"https:\/\/www.salutialimentacio.com\/es\/quien-soy\/\">CONTINUAR >><span> QUIEN SOY<\/span><\/a><\/p>\n","protected":false},"author":1,"featured_media":0,"parent":0,"menu_order":0,"comment_status":"closed","ping_status":"closed","template":"full_width.php","meta":{"footnotes":""},"class_list":["post-1088","page","type-page","status-publish","hentry"],"_links":{"self":[{"href":"https:\/\/www.salutialimentacio.com\/es\/wp-json\/wp\/v2\/pages\/1088","targetHints":{"allow":["GET"]}}],"collection":[{"href":"https:\/\/www.salutialimentacio.com\/es\/wp-json\/wp\/v2\/pages"}],"about":[{"href":"https:\/\/www.salutialimentacio.com\/es\/wp-json\/wp\/v2\/types\/page"}],"author":[{"embeddable":true,"href":"https:\/\/www.salutialimentacio.com\/es\/wp-json\/wp\/v2\/users\/1"}],"replies":[{"embeddable":true,"href":"https:\/\/www.salutialimentacio.com\/es\/wp-json\/wp\/v2\/comments?post=1088"}],"version-history":[{"count":4,"href":"https:\/\/www.salutialimentacio.com\/es\/wp-json\/wp\/v2\/pages\/1088\/revisions"}],"predecessor-version":[{"id":1153,"href":"https:\/\/www.salutialimentacio.com\/es\/wp-json\/wp\/v2\/pages\/1088\/revisions\/1153"}],"wp:attachment":[{"href":"https:\/\/www.salutialimentacio.com\/es\/wp-json\/wp\/v2\/media?parent=1088"}],"curies":[{"name":"wp","href":"https:\/\/api.w.org\/{rel}","templated":true}]}}