{"id":1091,"date":"2024-03-19T13:14:16","date_gmt":"2024-03-19T11:14:16","guid":{"rendered":"https:\/\/www.salutialimentacio.com\/?page_id=1091"},"modified":"2024-05-03T12:02:48","modified_gmt":"2024-05-03T10:02:48","slug":"asesoramiento-nutricional","status":"publish","type":"page","link":"https:\/\/www.salutialimentacio.com\/es\/asesoramiento-nutricional\/","title":{"rendered":"ASESORAMIENTO NUTRICIONAL"},"content":{"rendered":"<div class=\"wpb-content-wrapper\"><p>[vc_row css_animation=\u00bb\u00bb row_type=\u00bbrow\u00bb use_row_as_full_screen_section=\u00bbno\u00bb type=\u00bbfull_width\u00bb angled_section=\u00bbno\u00bb text_align=\u00bbleft\u00bb background_image_as_pattern=\u00bbwithout_pattern\u00bb][vc_column][vc_single_image image=\u00bb543&#8243; img_size=\u00bbfull\u00bb alignment=\u00bbcenter\u00bb qode_css_animation=\u00bb\u00bb][\/vc_column][\/vc_row][vc_row css_animation=\u00bb\u00bb row_type=\u00bbrow\u00bb use_row_as_full_screen_section=\u00bbno\u00bb type=\u00bbgrid\u00bb angled_section=\u00bbno\u00bb text_align=\u00bbleft\u00bb background_image_as_pattern=\u00bbwithout_pattern\u00bb z_index=\u00bb\u00bb padding_top=\u00bb30&#8243;][vc_column][vc_column_text]<\/p>\n<p style=\"text-align: right;\"><a href=\"\/es\/\"><small>INICIO<\/small><\/a> <small>\/ ASESORAMIENTO NUTRICIONAL<\/small><\/p>\n<p>[\/vc_column_text][\/vc_column][\/vc_row][vc_row css_animation=\u00bb\u00bb row_type=\u00bbrow\u00bb use_row_as_full_screen_section=\u00bbno\u00bb type=\u00bbgrid\u00bb angled_section=\u00bbno\u00bb text_align=\u00bbleft\u00bb background_image_as_pattern=\u00bbwithout_pattern\u00bb z_index=\u00bb\u00bb padding_top=\u00bb25&#8243; padding_bottom=\u00bb75&#8243; anchor=\u00bbinici\u00bb][vc_column][vc_single_image image=\u00bb344&#8243; img_size=\u00bb150&#215;150&#8243; alignment=\u00bbcenter\u00bb qode_css_animation=\u00bb\u00bb][vc_empty_space height=\u00bb50&#8243;][vc_column_text]<\/p>\n<h1 style=\"text-align: center;\">Asesoramiento nutricional y dietas personalizadas<\/h1>\n<p>[\/vc_column_text][vc_empty_space height=\u00bb75&#8243;][vc_column_text]Me complace compartir este servicio de <strong>Asesoramiento Nutricional<\/strong> donde la salud se convierte en una jornada realista, accesible y centrada en ti. Con m\u00e1s de una d\u00e9cada de experiencia en el mundo de la nutrici\u00f3n, mi pasi\u00f3n es ofrecer un humilde acompa\u00f1amiento y dedicado hacia tu bienestar. A mi lado no encontrar\u00e1s una lista de reglas estrictas ni una visi\u00f3n dogm\u00e1tica de la nutrici\u00f3n. M\u00e1s bien, te ofrecer\u00e9 un <strong>apoyo personalizado, adaptando cada recomendaci\u00f3n a tus necesidades \u00fanicas ya tu ritmo de vida<\/strong>.<\/p>\n<p>&nbsp;<\/p>\n<p>En este camino hacia una <strong>alimentaci\u00f3n m\u00e1s saludable<\/strong>, no buscaremos la perfecci\u00f3n, sino la pr\u00e1ctica sostenible. Construiremos juntos peque\u00f1os cambios que sean realistas y duraderos, con el objetivo final de ayudarte a establecer una relaci\u00f3n positiva con la comida y tu propia salud. Cada consulta no es s\u00f3lo una oportunidad para recibir <strong>consejos nutricionales<\/strong>, sino tambi\u00e9n un momento para compartir tus inquietudes y logros. Estoy aqu\u00ed para acompa\u00f1arte con respeto y comprensi\u00f3n, porque <strong>tu salud es una prioridad<\/strong>.<\/p>\n<p>&nbsp;<\/p>\n<p>Te invito a explorar una nueva perspectiva sobre el bienestar. Sin promesas exageradas ni soluciones r\u00e1pidas, s\u00f3lo una colaboraci\u00f3n sincera para ayudarte a vivir mejor. <strong>Tu salud es nuestra prioridad<\/strong>. Con el servicio de <strong>asesoramiento nutricional<\/strong>, podemos abordar diversas \u00e1reas para garantizar que tus necesidades y objetivos espec\u00edficos sean atendidos de forma personalizada.[\/vc_column_text][vc_empty_space height=\u00bb75&#8243;][vc_column_text]<\/p>\n<h2 style=\"text-align: center;\">SERVICIOS DE ASESORAMIENTO NUTRICIONAL Y DIET\u00c9TICO<\/h2>\n<p>[\/vc_column_text][vc_column_text]<\/p>\n<p style=\"font-size: 20px; color: #49323a; font-weight: 600; line-height: 1.25; text-align: center;\">alimentaci\u00f3n saludable, vegetariana, para el embarazo, vegana, BLW, dietoterapia y nutrici\u00f3n deportiva<\/p>\n<p>[\/vc_column_text][\/vc_column][\/vc_row][vc_row css_animation=\u00bb\u00bb row_type=\u00bbrow\u00bb use_row_as_full_screen_section=\u00bbno\u00bb type=\u00bbgrid\u00bb angled_section=\u00bbno\u00bb text_align=\u00bbleft\u00bb background_image_as_pattern=\u00bbwithout_pattern\u00bb z_index=\u00bb\u00bb padding_bottom=\u00bb75&#8243;][vc_column width=\u00bb2\/5&#8243;][vc_row_inner row_type=\u00bbrow\u00bb type=\u00bbfull_width\u00bb text_align=\u00bbleft\u00bb css_animation=\u00bb\u00bb padding_bottom=\u00bb75&#8243; padding_top=\u00bb30&#8243;][vc_column_inner width=\u00bb1\/3&#8243;][vc_single_image image=\u00bb371&#8243; img_size=\u00bb150&#215;150&#8243; qode_css_animation=\u00bb\u00bb][vc_empty_space height=\u00bb25&#8243;][\/vc_column_inner][vc_column_inner width=\u00bb2\/3&#8243;][vc_column_text]<\/p>\n<h3>Alimentaci\u00f3n Saludable<\/h3>\n<p>&nbsp;<\/p>\n<p>\u00b7 Desarrollar h\u00e1bitos alimenticios equilibrados.<br \/>\n\u00b7 Optimizar la ingesti\u00f3n de nutrientes esenciales.<br \/>\n\u00b7 Identificar opciones alimentarias saludables y equilibradas para tus preferencias y necesidades.[\/vc_column_text][\/vc_column_inner][\/vc_row_inner][vc_row_inner row_type=\u00bbrow\u00bb type=\u00bbfull_width\u00bb text_align=\u00bbleft\u00bb css_animation=\u00bb\u00bb padding_bottom=\u00bb75&#8243;][vc_column_inner width=\u00bb1\/3&#8243;][vc_single_image image=\u00bb377&#8243; img_size=\u00bb150&#215;150&#8243; qode_css_animation=\u00bb\u00bb][vc_empty_space height=\u00bb25&#8243;][\/vc_column_inner][vc_column_inner width=\u00bb2\/3&#8243;][vc_column_text]<\/p>\n<h3>Alimentaci\u00f3n Vegetariana<\/h3>\n<p>&nbsp;<\/p>\n<p>\u00b7 Asegurar una nutrici\u00f3n equilibrada sin productos animales.<br \/>\n\u00b7 Identificar fuentes alternativas de prote\u00ednas, vitaminas y minerales.<br \/>\n\u00b7 Abordar cualquier preocupaci\u00f3n nutricional espec\u00edfica asociada a la dieta vegetariana.[\/vc_column_text][\/vc_column_inner][\/vc_row_inner][vc_row_inner row_type=\u00bbrow\u00bb type=\u00bbfull_width\u00bb text_align=\u00bbleft\u00bb css_animation=\u00bb\u00bb][vc_column_inner width=\u00bb1\/3&#8243;][vc_single_image image=\u00bb384&#8243; img_size=\u00bb150&#215;150&#8243; qode_css_animation=\u00bb\u00bb][vc_empty_space height=\u00bb25&#8243;][\/vc_column_inner][vc_column_inner width=\u00bb2\/3&#8243;][vc_column_text]<\/p>\n<h3>Alimentaci\u00f3n Complementaria y BLW (Baby-Led Weaning)<\/h3>\n<p>&nbsp;<\/p>\n<p>\u00b7 Orientar sobre la introducci\u00f3n de alimentos s\u00f3lidos para los beb\u00e9s.<br \/>\n\u00b7 Proporcionar opciones alimentarias adaptadas a las necesidades del beb\u00e9.<br \/>\n\u00b7 Asegurar un paso suave y seguro hacia alimentos m\u00e1s s\u00f3lidos.[\/vc_column_text][\/vc_column_inner][\/vc_row_inner][vc_empty_space height=\u00bb75&#8243;][\/vc_column][vc_column width=\u00bb1\/5&#8243; offset=\u00bbvc_hidden-xs\u00bb][vc_single_image image=\u00bb648&#8243; img_size=\u00bbfull\u00bb alignment=\u00bbcenter\u00bb qode_css_animation=\u00bb\u00bb][\/vc_column][vc_column width=\u00bb2\/5&#8243;][vc_row_inner row_type=\u00bbrow\u00bb type=\u00bbfull_width\u00bb text_align=\u00bbleft\u00bb css_animation=\u00bb\u00bb padding_top=\u00bb30&#8243; padding_bottom=\u00bb85&#8243;][vc_column_inner width=\u00bb1\/3&#8243;][vc_single_image image=\u00bb374&#8243; img_size=\u00bb150&#215;150&#8243; qode_css_animation=\u00bb\u00bb][vc_empty_space height=\u00bb25&#8243;][\/vc_column_inner][vc_column_inner width=\u00bb2\/3&#8243;][vc_column_text]<\/p>\n<h3>Nutrici\u00f3n Deportiva<\/h3>\n<p>&nbsp;<\/p>\n<p>\u00b7 Planificar una dieta que soporte tus metas deportivas.<br \/>\n\u00b7 Optimizar la energ\u00eda y la recuperaci\u00f3n.<br \/>\n\u00b7 Asegurar una correcta hidrataci\u00f3n.<br \/>\n\u00b7 Suplementaci\u00f3n Ergog\u00e9nica.[\/vc_column_text][\/vc_column_inner][\/vc_row_inner][vc_row_inner row_type=\u00bbrow\u00bb type=\u00bbfull_width\u00bb text_align=\u00bbleft\u00bb css_animation=\u00bb\u00bb padding_bottom=\u00bb100&#8243;][vc_column_inner width=\u00bb1\/3&#8243;][vc_single_image image=\u00bb379&#8243; img_size=\u00bb150&#215;150&#8243; qode_css_animation=\u00bb\u00bb][vc_empty_space height=\u00bb25&#8243;][\/vc_column_inner][vc_column_inner width=\u00bb2\/3&#8243;][vc_column_text]<\/p>\n<h3>Alimentaci\u00f3n y Embarazo<\/h3>\n<p>&nbsp;<\/p>\n<p>\u00b7 Desarrollar un plan alimenticio saludable durante el embarazo.<br \/>\n\u00b7 Gestionar las necesidades nutricionales espec\u00edficas.<br \/>\n\u00b7 Abordar posibles problemas u otras preocupaciones.[\/vc_column_text][\/vc_column_inner][\/vc_row_inner][vc_row_inner row_type=\u00bbrow\u00bb type=\u00bbfull_width\u00bb text_align=\u00bbleft\u00bb css_animation=\u00bb\u00bb][vc_column_inner width=\u00bb1\/3&#8243;][vc_single_image image=\u00bb389&#8243; img_size=\u00bb150&#215;150&#8243; qode_css_animation=\u00bb\u00bb][vc_empty_space height=\u00bb25&#8243;][\/vc_column_inner][vc_column_inner width=\u00bb2\/3&#8243;][vc_column_text]<\/p>\n<h3>Dietoterapia<\/h3>\n<p>&nbsp;<\/p>\n<p>\u00b7 Abordar condiciones de salud espec\u00edficas mediante la alimentaci\u00f3n.<br \/>\n\u00b7 Desarrollar planes alimenticios adaptados a necesidades m\u00e9dicas.<br \/>\n\u00b7 Gestionar posibles restricciones diet\u00e9ticas para condiciones de salud.[\/vc_column_text][\/vc_column_inner][\/vc_row_inner][\/vc_column][\/vc_row][vc_row css_animation=\u00bb\u00bb row_type=\u00bbrow\u00bb use_row_as_full_screen_section=\u00bbno\u00bb type=\u00bbgrid\u00bb angled_section=\u00bbno\u00bb text_align=\u00bbleft\u00bb background_image_as_pattern=\u00bbwithout_pattern\u00bb z_index=\u00bb\u00bb padding_bottom=\u00bb75&#8243;][vc_column][vc_column_text]<span style=\"font-weight: 400;\">Estas son s\u00f3lo algunas de las \u00e1reas que podemos explorar juntas. El servicio de asesoramiento nutricional se personaliza para satisfacer tus necesidades \u00fanicas y ayudarte a alcanzar tus metas de salud y bienestar. <\/span><strong>Descubre una nueva perspectiva sobre el bienestar<\/strong> con el <strong>servicio de asesoramiento nutricional<\/strong> de SA. <strong>Tu salud es nuestra prioridad<\/strong>.[\/vc_column_text][\/vc_column][\/vc_row][vc_row css_animation=\u00bb\u00bb row_type=\u00bbrow\u00bb use_row_as_full_screen_section=\u00bbno\u00bb type=\u00bbfull_width\u00bb angled_section=\u00bbno\u00bb text_align=\u00bbleft\u00bb background_image_as_pattern=\u00bbwithout_pattern\u00bb][vc_column][vc_column_text]<\/p>\n<p>[\/vc_column_text][\/vc_column][\/vc_row][vc_row css_animation=\u00bb\u00bb row_type=\u00bbrow\u00bb use_row_as_full_screen_section=\u00bbno\u00bb type=\u00bbfull_width\u00bb angled_section=\u00bbno\u00bb text_align=\u00bbleft\u00bb background_image_as_pattern=\u00bbwithout_pattern\u00bb z_index=\u00bb10&#8243;][vc_column offset=\u00bbvc_hidden-xs\u00bb][vc_single_image image=\u00bb605&#8243; img_size=\u00bbfull\u00bb alignment=\u00bbcenter\u00bb qode_css_animation=\u00bb\u00bb][\/vc_column][\/vc_row][vc_row css_animation=\u00bb\u00bb row_type=\u00bbrow\u00bb use_row_as_full_screen_section=\u00bbno\u00bb type=\u00bbfull_width\u00bb angled_section=\u00bbno\u00bb text_align=\u00bbleft\u00bb background_image_as_pattern=\u00bbwithout_pattern\u00bb z_index=\u00bb5&#8243;][vc_column css=\u00bb.vc_custom_1714636616077{margin-top: -130px !important;}\u00bb offset=\u00bbvc_hidden-xs\u00bb][vc_empty_space height=\u00bb35&#8243;]<div class=\"call_to_action normal\" style=\"background-color: #49323a;padding-top: 87px;padding-bottom: 87px;\"><div class=\"container_inner\"><div class=\"two_columns_75_25 clearfix\"><div class=\"text_wrapper column1\"><div class=\"call_to_action_text  font_size_inherit font_weight_inherit letter_spacing_inherit\" style=\"font-size:36px;font-weight: 700;letter-spacing: 0px;\">Por cualquier consulta&#8230;<\/div><\/div><div class=\"button_wrapper column2\"><a itemprop=\"url\" href=\"\/es\/contacto\/\" class=\"qbutton white small\" target=\"_self\" style=\"color: #ffffff;border-color: #ffffff;background-color: #49323a;\" data-hover-background-color=#ffffff data-hover-border-color=#ffffff data-hover-color=#49323a>CONTACTA CON NOSOTROS<\/a><\/div><\/div><\/div><\/div>[\/vc_column][\/vc_row][vc_row css_animation=\u00bb\u00bb row_type=\u00bbrow\u00bb use_row_as_full_screen_section=\u00bbno\u00bb type=\u00bbfull_width\u00bb angled_section=\u00bbno\u00bb text_align=\u00bbleft\u00bb background_image_as_pattern=\u00bbwithout_pattern\u00bb][vc_column offset=\u00bbvc_hidden-lg vc_hidden-md vc_hidden-sm\u00bb][vc_empty_space height=\u00bb100&#8243;][\/vc_column][\/vc_row][vc_row css_animation=\u00bb\u00bb row_type=\u00bbrow\u00bb use_row_as_full_screen_section=\u00bbno\u00bb type=\u00bbfull_width\u00bb angled_section=\u00bbno\u00bb text_align=\u00bbleft\u00bb background_image_as_pattern=\u00bbwithout_pattern\u00bb z_index=\u00bb\u00bb][vc_column css=\u00bb.vc_custom_1714636625689{margin-top: -130px !important;}\u00bb offset=\u00bbvc_hidden-lg vc_hidden-md vc_hidden-sm\u00bb][vc_empty_space height=\u00bb35&#8243;]<div class=\"call_to_action normal\" style=\"background-color: #49323a;padding-top: 50px;padding-bottom: 50px;\"><div class=\"container_inner\"><div class=\"two_columns_75_25 clearfix\"><div class=\"text_wrapper column1\"><div class=\"call_to_action_text  font_size_inherit font_weight_inherit letter_spacing_inherit\" style=\"font-size:24px;font-weight: 700;letter-spacing: 0px;\">Por cualquier consulta&#8230;<\/div><\/div><div class=\"button_wrapper column2\"><a itemprop=\"url\" href=\"\/es\/contacto\/\" class=\"qbutton white small\" target=\"_self\" style=\"color: #ffffff;border-color: #ffffff;background-color: #49323a;\" data-hover-background-color=#ffffff data-hover-border-color=#ffffff data-hover-color=#49323a>CONTACTA CON NOSOTROS<\/a><\/div><\/div><\/div><\/div>[\/vc_column][\/vc_row]<\/p>\n<\/div>","protected":false},"excerpt":{"rendered":"<p>[vc_row css_animation=\u00bb\u00bb row_type=\u00bbrow\u00bb use_row_as_full_screen_section=\u00bbno\u00bb type=\u00bbfull_width\u00bb angled_section=\u00bbno\u00bb text_align=\u00bbleft\u00bb background_image_as_pattern=\u00bbwithout_pattern\u00bb][vc_column][vc_single_image image=\u00bb543&#8243; img_size=\u00bbfull\u00bb alignment=\u00bbcenter\u00bb qode_css_animation=\u00bb\u00bb][\/vc_column][\/vc_row][vc_row css_animation=\u00bb\u00bb row_type=\u00bbrow\u00bb use_row_as_full_screen_section=\u00bbno\u00bb type=\u00bbgrid\u00bb angled_section=\u00bbno\u00bb text_align=\u00bbleft\u00bb background_image_as_pattern=\u00bbwithout_pattern\u00bb z_index=\u00bb\u00bb padding_top=\u00bb30&#8243;][vc_column][vc_column_text] INICIO \/ ASESORAMIENTO NUTRICIONAL&hellip; <a class=\"continue\" href=\"https:\/\/www.salutialimentacio.com\/es\/asesoramiento-nutricional\/\">CONTINUAR >><span> ASESORAMIENTO NUTRICIONAL<\/span><\/a><\/p>\n","protected":false},"author":1,"featured_media":0,"parent":0,"menu_order":0,"comment_status":"closed","ping_status":"closed","template":"full_width.php","meta":{"footnotes":""},"class_list":["post-1091","page","type-page","status-publish","hentry"],"_links":{"self":[{"href":"https:\/\/www.salutialimentacio.com\/es\/wp-json\/wp\/v2\/pages\/1091","targetHints":{"allow":["GET"]}}],"collection":[{"href":"https:\/\/www.salutialimentacio.com\/es\/wp-json\/wp\/v2\/pages"}],"about":[{"href":"https:\/\/www.salutialimentacio.com\/es\/wp-json\/wp\/v2\/types\/page"}],"author":[{"embeddable":true,"href":"https:\/\/www.salutialimentacio.com\/es\/wp-json\/wp\/v2\/users\/1"}],"replies":[{"embeddable":true,"href":"https:\/\/www.salutialimentacio.com\/es\/wp-json\/wp\/v2\/comments?post=1091"}],"version-history":[{"count":2,"href":"https:\/\/www.salutialimentacio.com\/es\/wp-json\/wp\/v2\/pages\/1091\/revisions"}],"predecessor-version":[{"id":1154,"href":"https:\/\/www.salutialimentacio.com\/es\/wp-json\/wp\/v2\/pages\/1091\/revisions\/1154"}],"wp:attachment":[{"href":"https:\/\/www.salutialimentacio.com\/es\/wp-json\/wp\/v2\/media?parent=1091"}],"curies":[{"name":"wp","href":"https:\/\/api.w.org\/{rel}","templated":true}]}}