{"id":1104,"date":"2024-03-21T13:17:47","date_gmt":"2024-03-21T11:17:47","guid":{"rendered":"https:\/\/www.salutialimentacio.com\/?page_id=1104"},"modified":"2024-05-03T12:05:40","modified_gmt":"2024-05-03T10:05:40","slug":"eventos","status":"publish","type":"page","link":"https:\/\/www.salutialimentacio.com\/es\/eventos\/","title":{"rendered":"EVENTOS"},"content":{"rendered":"<div class=\"wpb-content-wrapper\"><p>[vc_row css_animation=\u00bb\u00bb row_type=\u00bbrow\u00bb use_row_as_full_screen_section=\u00bbno\u00bb type=\u00bbfull_width\u00bb angled_section=\u00bbno\u00bb text_align=\u00bbleft\u00bb background_image_as_pattern=\u00bbwithout_pattern\u00bb][vc_column][vc_single_image image=\u00bb820&#8243; img_size=\u00bbfull\u00bb alignment=\u00bbcenter\u00bb qode_css_animation=\u00bb\u00bb][\/vc_column][\/vc_row][vc_row css_animation=\u00bb\u00bb row_type=\u00bbrow\u00bb use_row_as_full_screen_section=\u00bbno\u00bb type=\u00bbgrid\u00bb angled_section=\u00bbno\u00bb text_align=\u00bbleft\u00bb background_image_as_pattern=\u00bbwithout_pattern\u00bb z_index=\u00bb\u00bb padding_top=\u00bb30&#8243;][vc_column][vc_column_text]<\/p>\n<p style=\"text-align: right;\"><a href=\"\/es\/\"><small>INICIO<\/small><\/a> <small>\/ EVENTOS, TALLERES Y RETIROS<\/small><\/p>\n<p>[\/vc_column_text][\/vc_column][\/vc_row][vc_row css_animation=\u00bb\u00bb row_type=\u00bbrow\u00bb use_row_as_full_screen_section=\u00bbno\u00bb type=\u00bbgrid\u00bb angled_section=\u00bbno\u00bb text_align=\u00bbleft\u00bb background_image_as_pattern=\u00bbwithout_pattern\u00bb z_index=\u00bb\u00bb padding_top=\u00bb25&#8243; padding_bottom=\u00bb75&#8243; anchor=\u00bbinici\u00bb][vc_column][vc_single_image image=\u00bb719&#8243; img_size=\u00bb150&#215;150&#8243; alignment=\u00bbcenter\u00bb qode_css_animation=\u00bb\u00bb][vc_empty_space height=\u00bb50&#8243;][vc_column_text]<\/p>\n<h1 style=\"text-align: center;\">Eventos: talleres, retiros y campus de verano saludables en Aiguafreda<\/h1>\n<p>[\/vc_column_text][vc_empty_space height=\u00bb75&#8243;][vc_column_text]<span style=\"font-weight: 400;\">Organizamos <strong>talleres<\/strong> con otros profesionales centrados en la promoci\u00f3n de h\u00e1bitos saludables, abordando una amplia gama de temas. <\/span>Tambi\u00e9n organizamos <em>Bienestar entre Estrellas<\/em>,\u00a0 u<span style=\"font-weight: 400;\">n <strong>retiro<\/strong> de fin de semana que combina alimentaci\u00f3n, astrolog\u00eda, crecimiento personal y terapias para liberar el estr\u00e9s y el trauma (TRE). Experimenta una inmersi\u00f3n en el bienestar, explorando las conexiones entre la salud f\u00edsica y emocional a trav\u00e9s de esta experiencia enriquecedora.<\/span>[\/vc_column_text][\/vc_column][\/vc_row][vc_row css_animation=\u00bb\u00bb row_type=\u00bbrow\u00bb use_row_as_full_screen_section=\u00bbno\u00bb type=\u00bbgrid\u00bb angled_section=\u00bbno\u00bb text_align=\u00bbleft\u00bb background_image_as_pattern=\u00bbwithout_pattern\u00bb z_index=\u00bb\u00bb padding_bottom=\u00bb75&#8243;][vc_column width=\u00bb2\/3&#8243; css=\u00bb.vc_custom_1711106309519{padding-right: 10% !important;}\u00bb][vc_single_image image=\u00bb723&#8243; img_size=\u00bb100&#215;100&#8243; qode_css_animation=\u00bb\u00bb][vc_empty_space height=\u00bb25&#8243;][vc_column_text]<\/p>\n<h2 style=\"text-align: left;\">TALLERES<\/h2>\n<p>[\/vc_column_text][vc_column_text]<\/p>\n<p style=\"font-size: 20px; color: #49323a; font-weight: 600; line-height: 1.25; text-align: left;\">de nutrici\u00f3n saludable<\/p>\n<p>[\/vc_column_text][vc_empty_space height=\u00bb15&#8243;][vc_separator type=\u00bbnormal\u00bb color=\u00bb#000000&#8243; thickness=\u00bb1&#8243;][vc_empty_space height=\u00bb50&#8243;][vc_row_inner row_type=\u00bbrow\u00bb type=\u00bbfull_width\u00bb text_align=\u00bbleft\u00bb css_animation=\u00bb\u00bb][vc_column_inner width=\u00bb1\/2&#8243;][vc_column_text css=\u00bb.vc_custom_1714661125784{padding-right: 15% !important;}\u00bb]<\/p>\n<h3>Taller de Nutrici\u00f3n y Cocina Vegetariana<\/h3>\n<p>&nbsp;<\/p>\n<p>Explora los cimientos de una alimentaci\u00f3n vegetariana equilibrada, incluyendo consideraciones sobre nutrientes limitantes y alternativas vegetales. En la cocina, Silvia, vegetariana y dise\u00f1adora, comparte trucos e ideas para crear comidas equilibradas y atractivas en botes de cristal.<\/p>\n<p>[vc_empty_space height=\u00bb65&#8243;]<\/p>\n<h3>Ciclos de Taller de H\u00e1bitos Saludables<\/h3>\n<p>&nbsp;<\/p>\n<p>Abordamos temas como alimentaci\u00f3n, h\u00e1bitos saludables, cosm\u00e9tica natural y sostenible en estos ciclos de talleres.[\/vc_column_text][vc_empty_space height=\u00bb50&#8243;][\/vc_column_inner][vc_column_inner width=\u00bb1\/2&#8243;][vc_column_text css=\u00bb.vc_custom_1714661145635{padding-right: 15% !important;}\u00bb]<\/p>\n<h3>Talleres Extraescolares por Familias sobre Alimentaci\u00f3n Saludable<\/h3>\n<p>&nbsp;<\/p>\n<p>Los peque\u00f1os chefs exploran con curiosidad y ampl\u00edan su alimentaci\u00f3n con ideas saludables en estos talleres pensados para familias.<\/p>\n<p>[vc_empty_space height=\u00bb65&#8243;]<\/p>\n<h3>Otros Talleres Incluyen<\/h3>\n<p>&nbsp;<\/p>\n<p>\u00b7 C\u00f3mo hacer men\u00fas saludables.<br \/>\n\u00b7 Batch Cooking.<br \/>\n\u00b7 Etiquetado nutricional y c\u00f3mo elegir alimentos por la despensa.[\/vc_column_text][vc_empty_space height=\u00bb50&#8243;][\/vc_column_inner][\/vc_row_inner][\/vc_column][vc_column width=\u00bb1\/3&#8243;][vc_empty_space height=\u00bb25&#8243;][vc_single_image image=\u00bb706&#8243; img_size=\u00bb100&#215;100&#8243; qode_css_animation=\u00bb\u00bb][vc_empty_space height=\u00bb25&#8243;][vc_column_text]<\/p>\n<h2 style=\"text-align: left;\">RETIROS SALUDABLES<\/h2>\n<p>[\/vc_column_text][vc_column_text]<\/p>\n<p style=\"font-size: 20px; color: #49323a; font-weight: 600; line-height: 1.25; text-align: left;\">bienestar entre estrellas<\/p>\n<p>[\/vc_column_text][vc_empty_space height=\u00bb50&#8243;][vc_column_text css=\u00bb.vc_custom_1714661188776{padding-right: 15% !important;}\u00bb]<strong>Conecta contigo misma<\/strong> en un retiro de fin de semana que combina alimentaci\u00f3n consciente, astrolog\u00eda, crecimiento personal y terapias para liberar el estr\u00e9s y el trauma (TRE). <strong>Esta oportunidad \u00fanica te ofrece un espacio seguro y acogedor para explorar las profundas conexiones entre la salud f\u00edsica y emocional. Con talleres pr\u00e1cticos, sesiones de TRE, deliciosas comidas nutritivas y c\u00edrculos de compartici\u00f3n<\/strong>.<\/p>\n<p>&nbsp;<\/p>\n<p>El <strong>retiro de<\/strong> <strong>Bienestar entre Estrellas<\/strong> te guiar\u00e1 en un viaje de descubrimiento personal y transformaci\u00f3n, proporcion\u00e1ndote herramientas y recursos para vivir una vida m\u00e1s equilibrada y plena. Ven a conectar contigo mismo y experimenta una <strong>inmersi\u00f3n en el bienestar<\/strong>r que te capacitar\u00e1 para conectar con tu ser interior, desbloquear tu potencial y crear una s\u00f3lida base para el crecimiento personal continuado.[\/vc_column_text][\/vc_column][\/vc_row][vc_row css_animation=\u00bb\u00bb row_type=\u00bbrow\u00bb use_row_as_full_screen_section=\u00bbno\u00bb type=\u00bbgrid\u00bb angled_section=\u00bbno\u00bb text_align=\u00bbleft\u00bb background_image_as_pattern=\u00bbwithout_pattern\u00bb z_index=\u00bb\u00bb][vc_column][vc_separator type=\u00bbnormal\u00bb color=\u00bb#000000&#8243; thickness=\u00bb1&#8243;][\/vc_column][\/vc_row][vc_row css_animation=\u00bb\u00bb row_type=\u00bbrow\u00bb use_row_as_full_screen_section=\u00bbno\u00bb type=\u00bbgrid\u00bb angled_section=\u00bbno\u00bb text_align=\u00bbleft\u00bb background_image_as_pattern=\u00bbwithout_pattern\u00bb z_index=\u00bb\u00bb padding_top=\u00bb75&#8243; padding_bottom=\u00bb75&#8243;][vc_column][vc_single_image image=\u00bb726&#8243; img_size=\u00bb100&#215;100&#8243; qode_css_animation=\u00bb\u00bb][vc_empty_space height=\u00bb25&#8243;][vc_column_text]<\/p>\n<h2 style=\"texto-align: left;\"><span style=\"color: #fe5007;\">CAMPUS DE VERANO DE H\u00c1BITOS SALUDABLES Y NATURALEZA<\/span><\/h2>\n<p>[\/vc_column_text][vc_column_text]<\/p>\n<p style=\"font-size: 20px; color: #49323a; font-weight: 600; line-height: 1.25; text-align: left;\">juegos, naturaleza, talleres de alimentaci\u00f3n, sostenibilidad y diversi\u00f3n<\/p>\n<p>[\/vc_column_text][vc_empty_space height=\u00bb50&#8243;][vc_column_text]Os invitamos a explorar nuestro fascinante <strong>Campus de H\u00e1bitos Saludables y Naturaleza<\/strong>, \u00a1una oportunidad emocionante para ni\u00f1os y ni\u00f1as de 5 a 15 a\u00f1os!<\/p>\n<p>&nbsp;<\/p>\n<p>Con un <strong>enfoque integrado en la alimentaci\u00f3n saludable<\/strong> y la <strong>actividad al aire libre<\/strong>, nuestro campus ofrece una variedad de <strong>experiencias enriquecedoras y divertidas&lt;\/ strong&gt;. Desde <strong>talleres de cocina creativos<\/strong> donde los participantes aprenden a preparar <strong>comidas nutritivas y sabrosas<\/strong>, hasta emocionantes <strong>aventuras en la naturaleza<\/strong> que les permiten conectar con el medio ambiente y descubrir su importancia.<\/strong><\/p>\n<p>&nbsp;<\/p>\n<p>Con <strong>juegos activos<\/strong>, <strong>actividades de aprendizaje experiencial<\/strong> y <strong>momentos de reflexi\u00f3n<\/strong>, inspiramos a nuestros j\u00f3venes a adoptar h\u00e1bitos de vida saludables y apreciar la belleza y la riqueza de la naturaleza que nos rodea.<\/p>\n<p>&nbsp;<\/p>\n<p>Ap\u00fantate ahora y \u00fanase a nosotros en esta emocionante jornada hacia el bienestar y la conexi\u00f3n con la naturaleza. Ensemble, construiremos cimientos para un futuro m\u00e1s saludable y sostenible para todos. <strong>\u00a1Avent\u00farate a descubrir el poder transformador de la salud y el bienestar en nuestro Campus de H\u00e1bitos Saludables y Naturaleza!<\/strong><\/p>\n<p>&nbsp;<\/p>\n<p>Para realizar la preinscripci\u00f3n clica el siguiente bot\u00f3n:[\/vc_column_text][vc_empty_space height=\u00bb25&#8243;]<a  itemprop=\"url\" href=\"https:\/\/forms.gle\/ZZFty2En8eFQPYok8\" target=\"_blank\"  class=\"qbutton  default\" style=\"\">PREINSCRIPCI\u00d3N EN EL CAMPUS<\/a>[\/vc_column][\/vc_row][vc_row css_animation=\u00bb\u00bb row_type=\u00bbrow\u00bb use_row_as_full_screen_section=\u00bbno\u00bb type=\u00bbfull_width\u00bb angled_section=\u00bbno\u00bb text_align=\u00bbleft\u00bb background_image_as_pattern=\u00bbwithout_pattern\u00bb z_index=\u00bb10&#8243;][vc_column offset=\u00bbvc_hidden-xs\u00bb][vc_single_image image=\u00bb605&#8243; img_size=\u00bbfull\u00bb alignment=\u00bbcenter\u00bb qode_css_animation=\u00bb\u00bb][\/vc_column][\/vc_row][vc_row css_animation=\u00bb\u00bb row_type=\u00bbrow\u00bb use_row_as_full_screen_section=\u00bbno\u00bb type=\u00bbfull_width\u00bb angled_section=\u00bbno\u00bb text_align=\u00bbleft\u00bb background_image_as_pattern=\u00bbwithout_pattern\u00bb z_index=\u00bb5&#8243;][vc_column css=\u00bb.vc_custom_1714636616077{margin-top: -130px !important;}\u00bb offset=\u00bbvc_hidden-xs\u00bb][vc_empty_space height=\u00bb35&#8243;]<div class=\"call_to_action normal\" style=\"background-color: #49323a;padding-top: 87px;padding-bottom: 87px;\"><div class=\"container_inner\"><div class=\"two_columns_75_25 clearfix\"><div class=\"text_wrapper column1\"><div class=\"call_to_action_text  font_size_inherit font_weight_inherit letter_spacing_inherit\" style=\"font-size:36px;font-weight: 700;letter-spacing: 0px;\">Por cualquier consulta&#8230;<\/div><\/div><div class=\"button_wrapper column2\"><a itemprop=\"url\" href=\"\/es\/contacto\/\" class=\"qbutton white small\" target=\"_self\" style=\"color: #ffffff;border-color: #ffffff;background-color: #49323a;\" data-hover-background-color=#ffffff data-hover-border-color=#ffffff data-hover-color=#49323a>CONTACTA CON NOSOTROS<\/a><\/div><\/div><\/div><\/div>[\/vc_column][\/vc_row][vc_row css_animation=\u00bb\u00bb row_type=\u00bbrow\u00bb use_row_as_full_screen_section=\u00bbno\u00bb type=\u00bbfull_width\u00bb angled_section=\u00bbno\u00bb text_align=\u00bbleft\u00bb background_image_as_pattern=\u00bbwithout_pattern\u00bb][vc_column offset=\u00bbvc_hidden-lg vc_hidden-md vc_hidden-sm\u00bb][vc_empty_space height=\u00bb100&#8243;][\/vc_column][\/vc_row][vc_row css_animation=\u00bb\u00bb row_type=\u00bbrow\u00bb use_row_as_full_screen_section=\u00bbno\u00bb type=\u00bbfull_width\u00bb angled_section=\u00bbno\u00bb text_align=\u00bbleft\u00bb background_image_as_pattern=\u00bbwithout_pattern\u00bb z_index=\u00bb\u00bb][vc_column css=\u00bb.vc_custom_1714636625689{margin-top: -130px !important;}\u00bb offset=\u00bbvc_hidden-lg vc_hidden-md vc_hidden-sm\u00bb][vc_empty_space height=\u00bb35&#8243;]<div class=\"call_to_action normal\" style=\"background-color: #49323a;padding-top: 50px;padding-bottom: 50px;\"><div class=\"container_inner\"><div class=\"two_columns_75_25 clearfix\"><div class=\"text_wrapper column1\"><div class=\"call_to_action_text  font_size_inherit font_weight_inherit letter_spacing_inherit\" style=\"font-size:24px;font-weight: 700;letter-spacing: 0px;\">Por cualquier consulta&#8230;<\/div><\/div><div class=\"button_wrapper column2\"><a itemprop=\"url\" href=\"\/es\/contacto\/\" class=\"qbutton white small\" target=\"_self\" style=\"color: #ffffff;border-color: #ffffff;background-color: #49323a;\" data-hover-background-color=#ffffff data-hover-border-color=#ffffff data-hover-color=#49323a>CONTACTA CON NOSOTROS<\/a><\/div><\/div><\/div><\/div>[\/vc_column][\/vc_row]<\/p>\n<\/div>","protected":false},"excerpt":{"rendered":"<p>[vc_row css_animation=\u00bb\u00bb row_type=\u00bbrow\u00bb use_row_as_full_screen_section=\u00bbno\u00bb type=\u00bbfull_width\u00bb angled_section=\u00bbno\u00bb text_align=\u00bbleft\u00bb background_image_as_pattern=\u00bbwithout_pattern\u00bb][vc_column][vc_single_image image=\u00bb820&#8243; img_size=\u00bbfull\u00bb alignment=\u00bbcenter\u00bb qode_css_animation=\u00bb\u00bb][\/vc_column][\/vc_row][vc_row css_animation=\u00bb\u00bb row_type=\u00bbrow\u00bb use_row_as_full_screen_section=\u00bbno\u00bb type=\u00bbgrid\u00bb angled_section=\u00bbno\u00bb text_align=\u00bbleft\u00bb background_image_as_pattern=\u00bbwithout_pattern\u00bb z_index=\u00bb\u00bb padding_top=\u00bb30&#8243;][vc_column][vc_column_text] INICIO \/ EVENTOS, TALLERES&hellip; <a class=\"continue\" href=\"https:\/\/www.salutialimentacio.com\/es\/eventos\/\">CONTINUAR >><span> EVENTOS<\/span><\/a><\/p>\n","protected":false},"author":1,"featured_media":0,"parent":0,"menu_order":0,"comment_status":"closed","ping_status":"closed","template":"full_width.php","meta":{"footnotes":""},"class_list":["post-1104","page","type-page","status-publish","hentry"],"_links":{"self":[{"href":"https:\/\/www.salutialimentacio.com\/es\/wp-json\/wp\/v2\/pages\/1104","targetHints":{"allow":["GET"]}}],"collection":[{"href":"https:\/\/www.salutialimentacio.com\/es\/wp-json\/wp\/v2\/pages"}],"about":[{"href":"https:\/\/www.salutialimentacio.com\/es\/wp-json\/wp\/v2\/types\/page"}],"author":[{"embeddable":true,"href":"https:\/\/www.salutialimentacio.com\/es\/wp-json\/wp\/v2\/users\/1"}],"replies":[{"embeddable":true,"href":"https:\/\/www.salutialimentacio.com\/es\/wp-json\/wp\/v2\/comments?post=1104"}],"version-history":[{"count":2,"href":"https:\/\/www.salutialimentacio.com\/es\/wp-json\/wp\/v2\/pages\/1104\/revisions"}],"predecessor-version":[{"id":1157,"href":"https:\/\/www.salutialimentacio.com\/es\/wp-json\/wp\/v2\/pages\/1104\/revisions\/1157"}],"wp:attachment":[{"href":"https:\/\/www.salutialimentacio.com\/es\/wp-json\/wp\/v2\/media?parent=1104"}],"curies":[{"name":"wp","href":"https:\/\/api.w.org\/{rel}","templated":true}]}}