{"id":1107,"date":"2024-03-26T12:20:54","date_gmt":"2024-03-26T10:20:54","guid":{"rendered":"https:\/\/www.salutialimentacio.com\/?page_id=1107"},"modified":"2024-05-03T12:11:05","modified_gmt":"2024-05-03T10:11:05","slug":"stellium","status":"publish","type":"page","link":"https:\/\/www.salutialimentacio.com\/es\/stellium\/","title":{"rendered":"STELLIUM"},"content":{"rendered":"<div class=\"wpb-content-wrapper\"><p>[vc_row css_animation=\u00bb\u00bb row_type=\u00bbrow\u00bb use_row_as_full_screen_section=\u00bbno\u00bb type=\u00bbfull_width\u00bb angled_section=\u00bbno\u00bb text_align=\u00bbleft\u00bb background_image_as_pattern=\u00bbwithout_pattern\u00bb][vc_column][vc_single_image image=\u00bb828&#8243; img_size=\u00bbfull\u00bb alignment=\u00bbcenter\u00bb qode_css_animation=\u00bb\u00bb][\/vc_column][\/vc_row][vc_row css_animation=\u00bb\u00bb row_type=\u00bbrow\u00bb use_row_as_full_screen_section=\u00bbno\u00bb type=\u00bbgrid\u00bb angled_section=\u00bbno\u00bb text_align=\u00bbleft\u00bb background_image_as_pattern=\u00bbwithout_pattern\u00bb z_index=\u00bb\u00bb padding_top=\u00bb30&#8243;][vc_column][vc_column_text]<\/p>\n<p style=\"text-align: right;\"><a href=\"\/es\/\"><small>INICIO<\/small><\/a> <small>\/ STELLIUM &#8211; TRABAJO PERSONAL HOL\u00cdSTICO<\/small><\/p>\n<p>[\/vc_column_text][\/vc_column][\/vc_row][vc_row css_animation=\u00bb\u00bb row_type=\u00bbrow\u00bb use_row_as_full_screen_section=\u00bbno\u00bb type=\u00bbgrid\u00bb angled_section=\u00bbno\u00bb text_align=\u00bbleft\u00bb background_image_as_pattern=\u00bbwithout_pattern\u00bb z_index=\u00bb\u00bb padding_top=\u00bb25&#8243; padding_bottom=\u00bb75&#8243; anchor=\u00bbinici\u00bb][vc_column][vc_single_image image=\u00bb866&#8243; img_size=\u00bb150&#215;150&#8243; alignment=\u00bbcenter\u00bb qode_css_animation=\u00bb\u00bb][vc_empty_space height=\u00bb50&#8243;][vc_column_text]<\/p>\n<h1 style=\"text-align: center;\"><span style=\"color: #aa6586;\">Stellium &#8211; Trabajo personal hol\u00edstico<\/span><\/h1>\n<p>[\/vc_column_text][vc_empty_space height=\u00bb75&#8243;][vc_column_text]<strong>Stellium es un concepto que viene de la Astrolog\u00eda, que simboliza la agrupaci\u00f3n de un m\u00ednimo de 3 planetas<\/strong>, <strong>que juntos generan mucha m\u00e1s fuerza<\/strong>. Trasladando este concepto a los servicios que ofrecemos, significa que la aplicaci\u00f3n de las diferentes terapias y t\u00e9cnicas en su conjunto potencian el desarrollo personal para conseguir una mejor calidad de vida.<\/p>\n<p>&nbsp;<\/p>\n<p>Dentro de <strong>Stellium<\/strong> encontrar\u00e1 diferentes <strong>terapias, convencionales y alternativas<\/strong>, as\u00ed como <strong>t\u00e9cnicas corporales<\/strong>, <strong>f\u00edsicas<\/strong> y <strong>energ\u00e9ticas&lt; \/strong&gt;, que le ayudar\u00e1n a estar m\u00e1s conectados con su persona, con su entorno, y en definitiva, con la vida en general. <strong>Se trata de aprender a vivir en sinton\u00eda con nosotros mismos<\/strong>, <strong>procurar ser y hacer lo que realmente queremos, y saber comprender y aceptar las situaciones m\u00e1s desagradables.<\/strong><\/strong>[\/vc_column_text][vc_empty_space height=\u00bb75&#8243;][vc_column_text]<\/p>\n<h2 style=\"text-align: center;\"><span style=\"color: #aa6586;\">TERAPIAS<\/span><\/h2>\n<p>[\/vc_column_text][vc_column_text]<\/p>\n<p style=\"font-size: 24px; color: #49323a; font-weight: 600; line-height: 1.25; text-align: center;\">astrolog\u00eda y psicolog\u00eda, TRE, reiki, talleres, influencias planetarias y lectura de la carta astral y natal<\/p>\n<p>[\/vc_column_text][\/vc_column][\/vc_row][vc_row css_animation=\u00bb\u00bb row_type=\u00bbrow\u00bb use_row_as_full_screen_section=\u00bbno\u00bb type=\u00bbgrid\u00bb angled_section=\u00bbno\u00bb text_align=\u00bbleft\u00bb background_image_as_pattern=\u00bbwithout_pattern\u00bb z_index=\u00bb10&#8243;][vc_column width=\u00bb2\/5&#8243;][vc_row_inner row_type=\u00bbrow\u00bb type=\u00bbfull_width\u00bb text_align=\u00bbleft\u00bb css_animation=\u00bb\u00bb padding_top=\u00bb30&#8243; padding_bottom=\u00bb75&#8243;][vc_column_inner width=\u00bb1\/3&#8243;][vc_single_image image=\u00bb872&#8243; img_size=\u00bb150&#215;150&#8243; qode_css_animation=\u00bb\u00bb][vc_empty_space height=\u00bb25&#8243;][\/vc_column_inner][vc_column_inner width=\u00bb2\/3&#8243;][vc_column_text]<\/p>\n<h3>Astrolog\u00eda &amp; Psicolog\u00eda<\/h3>\n<p>&nbsp;<\/p>\n<p><strong>Astrolog\u00eda<\/strong> es la herramienta m\u00e1s poderosa que puedes encontrar para <strong>autoconocimiento y desarrollo personal<\/strong>. A trav\u00e9s de la interpretaci\u00f3n de tu <strong>Carta Astral Natal<\/strong>, te acompa\u00f1o en el descubrimiento de tu identidad personal, de tus emociones y de tu camino de vida; te ayudo a conocer y trabajar tu capacidad de comunicaci\u00f3n y aprendizaje, el establecimiento de tu escala de valores y relaciones personales, y la mejor forma de actuar para conseguir tus objetivos.<\/p>\n<p>&nbsp;<\/p>\n<p>Por otra parte, la <strong>interpretaci\u00f3n de los tr\u00e1nsitos planetarios<\/strong> sobre tu <strong>Carta Astral Natal<\/strong>, te ayudan a comprender y sanar tu pasado, a conocer y actuar en sinton\u00eda con el tuyo presente, ya prepararte para el futuro.<\/p>\n<p>&nbsp;<\/p>\n<p>La <strong>Psicolog\u00eda<\/strong> lo utilizo para acompa\u00f1arte en la identificaci\u00f3n, comprensi\u00f3n y aceptaci\u00f3n de emociones y situaciones que necesitas reconocer e integrar <strong>para poder seguir evolucionando libre de cargas<\/strong>. El enfoque de la terapia psicol\u00f3gica se basa en la <strong>Psicolog\u00eda anal\u00edtica o profunda<\/strong>, que permite ir hasta el origen del problema y trabajarlo desde las ra\u00edces, evitando as\u00ed que vuelva a brotar en situaciones futuras.[\/vc_column_text][\/vc_column_inner][\/vc_row_inner][vc_row_inner row_type=\u00bbrow\u00bb type=\u00bbfull_width\u00bb text_align=\u00bbleft\u00bb css_animation=\u00bb\u00bb padding_top=\u00bb30&#8243; padding_bottom=\u00bb75&#8243;][vc_column_inner width=\u00bb1\/3&#8243;][vc_single_image image=\u00bb870&#8243; img_size=\u00bb150&#215;150&#8243; qode_css_animation=\u00bb\u00bb][vc_empty_space height=\u00bb25&#8243;][\/vc_column_inner][vc_column_inner width=\u00bb2\/3&#8243;][vc_column_text]<\/p>\n<h3>Reiki<\/h3>\n<p>&nbsp;<\/p>\n<p>El <strong>Reiki es una t\u00e9cnica de energ\u00eda curativa<\/strong> que se transmite desde la energ\u00eda universal del amor incondicional. Fluye a trav\u00e9s de las manos de la sanadora y act\u00faa a todos los niveles o dimensiones de la persona: f\u00edsico, mental, emocional y espiritual. <strong>Se trata de un canal de energ\u00eda curativa.<\/strong><\/p>\n<p>&nbsp;<\/p>\n<p><strong>A trav\u00e9s de esta t\u00e9cnica se desbloquean y equilibran tus achaques, aportando bienestar, paz y armon\u00eda, as\u00ed como la restauraci\u00f3n del cuerpo, la mente, las emociones y el alma.<\/strong>[\/vc_column_text][\/vc_column_inner][\/vc_row_inner][\/vc_column][vc_column width=\u00bb1\/5&#8243; offset=\u00bbvc_hidden-xs\u00bb][vc_single_image image=\u00bb863&#8243; img_size=\u00bbfull\u00bb alignment=\u00bbcenter\u00bb qode_css_animation=\u00bb\u00bb][\/vc_column][vc_column width=\u00bb2\/5&#8243;][vc_row_inner row_type=\u00bbrow\u00bb type=\u00bbfull_width\u00bb text_align=\u00bbleft\u00bb css_animation=\u00bb\u00bb padding_top=\u00bb30&#8243; padding_bottom=\u00bb75&#8243;][vc_column_inner width=\u00bb1\/3&#8243;][vc_single_image image=\u00bb851&#8243; img_size=\u00bb150&#215;150&#8243; qode_css_animation=\u00bb\u00bb][vc_empty_space height=\u00bb25&#8243;][\/vc_column_inner][vc_column_inner width=\u00bb2\/3&#8243;][vc_column_text]<\/p>\n<h3><b>T.R.E (Tensi\u00f3n &amp; Trauma Releasing Exercices)<\/b><\/h3>\n<p>&nbsp;<\/p>\n<p>El <strong>TRE<\/strong> nos ayuda a trav\u00e9s de la sensaci\u00f3n y el movimiento a encontrar la calma, restaurando nuestro <strong>equilibrio y bienestar<\/strong>.<\/p>\n<p>&nbsp;<\/p>\n<p>A trav\u00e9s de esta <strong>t\u00e9cnica corporal<\/strong>, aprender\u00e1s a que emerja tu recurso biol\u00f3gico natural de temblor y vibraci\u00f3n para liberar patrones profundos de tensi\u00f3n, estr\u00e9s y trauma. Te ense\u00f1ar\u00e9 una serie de ejercicios de estiramientos suaves, y desde una posici\u00f3n de relajaci\u00f3n total, dejaremos que nuestro sistema nervioso nos facilite la liberaci\u00f3n y descarga de la tensi\u00f3n corporal y mental causada por el trabajo, familia, relaciones , traumas o accidentes.<\/p>\n<p>&nbsp;<\/p>\n<p>Se trata de una <strong>herramienta dise\u00f1ada para utilizarla de forma aut\u00f3noma o como complemento de otras terapias<\/strong>. Con su pr\u00e1ctica habitual puedes cambiar la preocupaci\u00f3n, la ansiedad, el estr\u00e9s, el dolor muscular y los s\u00edntomas de estr\u00e9s postraum\u00e1tico por seguridad, energ\u00eda, flexibilidad, descanso y equilibrio emocional.<\/p>\n<p>&nbsp;<\/p>\n<p><strong>Se trata de un proceso donde no es necesario hablar, ni recordar la experiencia traum\u00e1tica o estresante, simplemente liberamos su huella.<\/strong>[\/vc_column_text][\/vc_column_inner][\/vc_row_inner][vc_row_inner row_type=\u00bbrow\u00bb type=\u00bbfull_width\u00bb text_align=\u00bbleft\u00bb css_animation=\u00bb\u00bb padding_top=\u00bb30&#8243; padding_bottom=\u00bb75&#8243;][vc_column_inner width=\u00bb1\/3&#8243;][vc_single_image image=\u00bb853&#8243; img_size=\u00bb150&#215;150&#8243; qode_css_animation=\u00bb\u00bb][vc_empty_space height=\u00bb25&#8243;][\/vc_column_inner][vc_column_inner width=\u00bb2\/3&#8243;][vc_column_text]<\/p>\n<h3><b>Talleres formativos de astrolog\u00eda<\/b><\/h3>\n<p>&nbsp;<\/p>\n<p>Los talleres pretenden dar una <strong>formaci\u00f3n inicial a la Astrolog\u00eda<\/strong> para profundizar en la interpretaci\u00f3n de la propia <strong>Carta Astral Natal<\/strong> y de preparaci\u00f3n de los tr\u00e1nsitos planetarios m\u00e1s importantes de la actualidad. Se trabaja tanto a nivel te\u00f3rico como pr\u00e1ctico, facilitando as\u00ed la comprensi\u00f3n y aplicaci\u00f3n de los conceptos, entregando tambi\u00e9n la interpretaci\u00f3n personalizada de lo que se trabaja en cada taller.<\/p>\n<p>&nbsp;<\/p>\n<p>Iniciamos la temporada con un taller introductorio, donde se explican y trabajan los cuatro pilares fundamentales de la Astrolog\u00eda: <strong>Planetas<\/strong>, <strong>Signos del Zodiaco<\/strong>, <strong>Casas y Aspectos&lt; \/strong&gt;; y seguimos con los siguientes grupos de planetas:<\/strong><\/p>\n<p>&nbsp;<\/p>\n<p>\u00b7 Taller 2: Sol, Luna y Ascendente<br \/>\n\u00b7 Taller 3: Mercurio, Venus y Marte<br \/>\n\u00b7 Taller 4: J\u00fapiter y Saturno (Tr\u00e1ficos)<br \/>\n\u00b7 Taller 5: Urano y sus tr\u00e1ficos<br \/>\n\u00b7 Taller 6: Neptuno y sus tr\u00e1ficos<br \/>\n\u00b7 Taller 7: Plut\u00f3n y sus tr\u00e1ficos[\/vc_column_text][\/vc_column_inner][\/vc_row_inner][\/vc_column][\/vc_row][vc_row css_animation=\u00bb\u00bb row_type=\u00bbrow\u00bb use_row_as_full_screen_section=\u00bbno\u00bb type=\u00bbfull_width\u00bb angled_section=\u00bbno\u00bb text_align=\u00bbleft\u00bb background_image_as_pattern=\u00bbwithout_pattern\u00bb z_index=\u00bb10&#8243;][vc_column offset=\u00bbvc_hidden-xs\u00bb][vc_single_image image=\u00bb605&#8243; img_size=\u00bbfull\u00bb alignment=\u00bbcenter\u00bb qode_css_animation=\u00bb\u00bb][\/vc_column][\/vc_row][vc_row css_animation=\u00bb\u00bb row_type=\u00bbrow\u00bb use_row_as_full_screen_section=\u00bbno\u00bb type=\u00bbfull_width\u00bb angled_section=\u00bbno\u00bb text_align=\u00bbleft\u00bb background_image_as_pattern=\u00bbwithout_pattern\u00bb z_index=\u00bb5&#8243;][vc_column css=\u00bb.vc_custom_1714636616077{margin-top: -130px !important;}\u00bb offset=\u00bbvc_hidden-xs\u00bb][vc_empty_space height=\u00bb35&#8243;]<div class=\"call_to_action normal\" style=\"background-color: #49323a;padding-top: 87px;padding-bottom: 87px;\"><div class=\"container_inner\"><div class=\"two_columns_75_25 clearfix\"><div class=\"text_wrapper column1\"><div class=\"call_to_action_text  font_size_inherit font_weight_inherit letter_spacing_inherit\" style=\"font-size:36px;font-weight: 700;letter-spacing: 0px;\">Por cualquier consulta&#8230;<\/div><\/div><div class=\"button_wrapper column2\"><a itemprop=\"url\" href=\"\/es\/contacto\/\" class=\"qbutton white small\" target=\"_self\" style=\"color: #ffffff;border-color: #ffffff;background-color: #49323a;\" data-hover-background-color=#ffffff data-hover-border-color=#ffffff data-hover-color=#49323a>CONTACTA CON NOSOTROS<\/a><\/div><\/div><\/div><\/div>[\/vc_column][\/vc_row][vc_row css_animation=\u00bb\u00bb row_type=\u00bbrow\u00bb use_row_as_full_screen_section=\u00bbno\u00bb type=\u00bbfull_width\u00bb angled_section=\u00bbno\u00bb text_align=\u00bbleft\u00bb background_image_as_pattern=\u00bbwithout_pattern\u00bb][vc_column offset=\u00bbvc_hidden-lg vc_hidden-md vc_hidden-sm\u00bb][vc_empty_space height=\u00bb100&#8243;][\/vc_column][\/vc_row][vc_row css_animation=\u00bb\u00bb row_type=\u00bbrow\u00bb use_row_as_full_screen_section=\u00bbno\u00bb type=\u00bbfull_width\u00bb angled_section=\u00bbno\u00bb text_align=\u00bbleft\u00bb background_image_as_pattern=\u00bbwithout_pattern\u00bb z_index=\u00bb\u00bb][vc_column css=\u00bb.vc_custom_1714636625689{margin-top: -130px !important;}\u00bb offset=\u00bbvc_hidden-lg vc_hidden-md vc_hidden-sm\u00bb][vc_empty_space height=\u00bb35&#8243;]<div class=\"call_to_action normal\" style=\"background-color: #49323a;padding-top: 50px;padding-bottom: 50px;\"><div class=\"container_inner\"><div class=\"two_columns_75_25 clearfix\"><div class=\"text_wrapper column1\"><div class=\"call_to_action_text  font_size_inherit font_weight_inherit letter_spacing_inherit\" style=\"font-size:24px;font-weight: 700;letter-spacing: 0px;\">Por cualquier consulta&#8230;<\/div><\/div><div class=\"button_wrapper column2\"><a itemprop=\"url\" href=\"\/es\/contacto\/\" class=\"qbutton white small\" target=\"_self\" style=\"color: #ffffff;border-color: #ffffff;background-color: #49323a;\" data-hover-background-color=#ffffff data-hover-border-color=#ffffff data-hover-color=#49323a>CONTACTA CON NOSOTROS<\/a><\/div><\/div><\/div><\/div>[\/vc_column][\/vc_row]<\/p>\n<\/div>","protected":false},"excerpt":{"rendered":"<p>[vc_row css_animation=\u00bb\u00bb row_type=\u00bbrow\u00bb use_row_as_full_screen_section=\u00bbno\u00bb type=\u00bbfull_width\u00bb angled_section=\u00bbno\u00bb text_align=\u00bbleft\u00bb background_image_as_pattern=\u00bbwithout_pattern\u00bb][vc_column][vc_single_image image=\u00bb828&#8243; img_size=\u00bbfull\u00bb alignment=\u00bbcenter\u00bb qode_css_animation=\u00bb\u00bb][\/vc_column][\/vc_row][vc_row css_animation=\u00bb\u00bb row_type=\u00bbrow\u00bb use_row_as_full_screen_section=\u00bbno\u00bb type=\u00bbgrid\u00bb angled_section=\u00bbno\u00bb text_align=\u00bbleft\u00bb background_image_as_pattern=\u00bbwithout_pattern\u00bb z_index=\u00bb\u00bb padding_top=\u00bb30&#8243;][vc_column][vc_column_text] INICIO \/ STELLIUM &#8211;&hellip; <a class=\"continue\" href=\"https:\/\/www.salutialimentacio.com\/es\/stellium\/\">CONTINUAR >><span> STELLIUM<\/span><\/a><\/p>\n","protected":false},"author":1,"featured_media":0,"parent":0,"menu_order":0,"comment_status":"closed","ping_status":"closed","template":"full_width.php","meta":{"footnotes":""},"class_list":["post-1107","page","type-page","status-publish","hentry"],"_links":{"self":[{"href":"https:\/\/www.salutialimentacio.com\/es\/wp-json\/wp\/v2\/pages\/1107","targetHints":{"allow":["GET"]}}],"collection":[{"href":"https:\/\/www.salutialimentacio.com\/es\/wp-json\/wp\/v2\/pages"}],"about":[{"href":"https:\/\/www.salutialimentacio.com\/es\/wp-json\/wp\/v2\/types\/page"}],"author":[{"embeddable":true,"href":"https:\/\/www.salutialimentacio.com\/es\/wp-json\/wp\/v2\/users\/1"}],"replies":[{"embeddable":true,"href":"https:\/\/www.salutialimentacio.com\/es\/wp-json\/wp\/v2\/comments?post=1107"}],"version-history":[{"count":2,"href":"https:\/\/www.salutialimentacio.com\/es\/wp-json\/wp\/v2\/pages\/1107\/revisions"}],"predecessor-version":[{"id":1158,"href":"https:\/\/www.salutialimentacio.com\/es\/wp-json\/wp\/v2\/pages\/1107\/revisions\/1158"}],"wp:attachment":[{"href":"https:\/\/www.salutialimentacio.com\/es\/wp-json\/wp\/v2\/media?parent=1107"}],"curies":[{"name":"wp","href":"https:\/\/api.w.org\/{rel}","templated":true}]}}