{"id":1110,"date":"2024-03-26T18:05:11","date_gmt":"2024-03-26T16:05:11","guid":{"rendered":"https:\/\/www.salutialimentacio.com\/?page_id=1110"},"modified":"2024-05-03T12:03:39","modified_gmt":"2024-05-03T10:03:39","slug":"blog","status":"publish","type":"page","link":"https:\/\/www.salutialimentacio.com\/es\/blog\/","title":{"rendered":"BLOG"},"content":{"rendered":"<div class=\"wpb-content-wrapper\"><p>[vc_row css_animation=\u00bb\u00bb row_type=\u00bbrow\u00bb use_row_as_full_screen_section=\u00bbno\u00bb type=\u00bbfull_width\u00bb angled_section=\u00bbno\u00bb text_align=\u00bbleft\u00bb background_image_as_pattern=\u00bbwithout_pattern\u00bb][vc_column][vc_single_image image=\u00bb457&#8243; img_size=\u00bbfull\u00bb alignment=\u00bbcenter\u00bb qode_css_animation=\u00bb\u00bb][\/vc_column][\/vc_row][vc_row css_animation=\u00bb\u00bb row_type=\u00bbrow\u00bb use_row_as_full_screen_section=\u00bbno\u00bb type=\u00bbgrid\u00bb angled_section=\u00bbno\u00bb text_align=\u00bbleft\u00bb background_image_as_pattern=\u00bbwithout_pattern\u00bb z_index=\u00bb\u00bb padding_top=\u00bb30&#8243;][vc_column][vc_column_text]<\/p>\n<p style=\"text-align: right;\"><a href=\"\/es\/\"><small>INICIO<\/small><\/a> <small>\/ BLOG<\/small><\/p>\n<p>[\/vc_column_text][\/vc_column][\/vc_row][vc_row css_animation=\u00bb\u00bb row_type=\u00bbrow\u00bb use_row_as_full_screen_section=\u00bbno\u00bb type=\u00bbgrid\u00bb angled_section=\u00bbno\u00bb text_align=\u00bbleft\u00bb background_image_as_pattern=\u00bbwithout_pattern\u00bb z_index=\u00bb\u00bb padding_top=\u00bb25&#8243; padding_bottom=\u00bb75&#8243; anchor=\u00bbinici\u00bb][vc_column][vc_single_image image=\u00bb898&#8243; img_size=\u00bb150&#215;150&#8243; alignment=\u00bbcenter\u00bb qode_css_animation=\u00bb\u00bb][vc_empty_space height=\u00bb50&#8243;][vc_column_text]<\/p>\n<h1 style=\"text-align: center;\">Blog de salud, alimentaci\u00f3n y vida saludable<\/h1>\n<p>[\/vc_column_text][vc_empty_space height=\u00bb75&#8243;][vc_column_text]Bienvenidos a nuestra secci\u00f3n de blog dedicada a la <strong>salud, alimentaci\u00f3n y estilo de vida saludable<\/strong>. Exploraremos las \u00faltimas tendencias y ofreceremos consejos pr\u00e1cticos para promover una vida equilibrada. Creemos en el poder transformador de las peque\u00f1as decisiones diarias sobre la salud y el bienestar, y <strong>estamos aqu\u00ed para inspirarle a tomar pasos hacia un estilo de vida m\u00e1s saludable<\/strong>. Encontrar\u00e1 recetas nutritivas, consejos de ejercicio y recursos valiosos para crear un plan de vida saludable. Acomp\u00e1\u00f1enos en este viaje hacia un bienestar \u00f3ptimo y <strong>descubra su potencial ilimitado cuando priorice su salud<\/strong>.[\/vc_column_text][vc_empty_space height=\u00bb75&#8243;][vc_column_text]<\/p>\n<h2 style=\"text-align: center;\">ART\u00cdCULOS POR UN ESTILO DE VIDA SALUDABLE<\/h2>\n<p>[\/vc_column_text][vc_column_text]<\/p>\n<p style=\"font-size: 24px; color: #49323a; font-weight: 600; line-height: 1.25; text-align: center;\">alimentaci\u00f3n, ejercicio&#8230;<\/p>\n<p>[\/vc_column_text][\/vc_column][\/vc_row][vc_row css_animation=\u00bb\u00bb row_type=\u00bbrow\u00bb use_row_as_full_screen_section=\u00bbno\u00bb type=\u00bbgrid\u00bb angled_section=\u00bbno\u00bb text_align=\u00bbleft\u00bb background_image_as_pattern=\u00bbwithout_pattern\u00bb z_index=\u00bb\u00bb padding_top=\u00bb25&#8243; padding_bottom=\u00bb50&#8243;][vc_column]<div class='q_masonry_blog'><div class=\"q_masonry_blog_grid_sizer\"><\/div><div class=\"q_masonry_blog_grid_gutter\"><\/div><article  class='post-1215 post type-post status-publish format-standard has-post-thumbnail hentry category-sin-categorizar '><div class=\"q_masonry_blog_post_image\"><a itemprop=\"url\" href=\"https:\/\/www.salutialimentacio.com\/es\/explorando-los-beneficios-de-la-tecnica-tre-liberando-tension-y-recuperando-el-equilibrio-3\/\" target=\"_self\"><img decoding=\"async\" itemprop=\"image\" src=\"https:\/\/www.salutialimentacio.com\/wp-content\/uploads\/2025\/02\/international-mind-body-wellness-day-copy-space-background.png\" alt=\"\" \/><\/a><\/div><div class=\"q_masonry_blog_post_text\"><h3 itemprop=\"name\" class=\"q_masonry_blog_title entry_title\"><a itemprop=\"url\" href=\"https:\/\/www.salutialimentacio.com\/es\/explorando-los-beneficios-de-la-tecnica-tre-liberando-tension-y-recuperando-el-equilibrio-3\/\">Explorando los beneficios de la t\u00e9cnica TRE: liberando tensi\u00f3n y recuperando el equilibrio<\/a><\/h3><p itemprop=\"description\" class=\"q_masonry_blog_excerpt\"><br \/>En un mundo en el que el estr\u00e9s y la tensi\u00f3n parecen omnipresentes, encontrar maneras efectivas de relajarse y restaurar el equilibrio es esencial para nuestra salud y bienestar. En este sentido, la T\u00e9cnica TRE ofrece una oportunidad \u00fanica para liberar patrones profundos de tensi\u00f3n, estr\u00e9s y trauma, permitiendo al cuerpo recuperar su estado natural de bienestar y equilibrio. Hoy, exploraremos los beneficios de esta pr\u00e1ctica transformadora y c\u00f3mo puede ayudarnos a encontrar la calma en medio del caos. <a class=\"continue\" href=\"https:\/\/www.salutialimentacio.com\/es\/explorando-los-beneficios-de-la-tecnica-tre-liberando-tension-y-recuperando-el-equilibrio-3\/\">CONTINUAR >><span> Explorando los beneficios de la t\u00e9cnica TRE: liberando tensi\u00f3n y recuperando el equilibrio<\/span><\/a>...<\/p><div class=\"q_masonry_blog_post_info\"><span itemprop=\"dateCreated\" class=\"time entry_date updated\">18 febrero, 2025<meta itemprop=\"interactionCount\" content=\"UserComments: <?php echo get_comments_number(qode_get_page_id()); ?>\"\/><\/span><\/div><\/div><\/article><article  class='post-1206 post type-post status-publish format-standard has-post-thumbnail hentry category-sin-categorizar '><div class=\"q_masonry_blog_post_image\"><a itemprop=\"url\" href=\"https:\/\/www.salutialimentacio.com\/es\/explorando-los-beneficios-de-la-tecnica-tre-liberando-tension-y-recuperando-el-equilibrio-2\/\" target=\"_self\"><img decoding=\"async\" itemprop=\"image\" src=\"https:\/\/www.salutialimentacio.com\/wp-content\/uploads\/2025\/02\/international-mind-body-wellness-day-copy-space-background.png\" alt=\"\" \/><\/a><\/div><div class=\"q_masonry_blog_post_text\"><h3 itemprop=\"name\" class=\"q_masonry_blog_title entry_title\"><a itemprop=\"url\" href=\"https:\/\/www.salutialimentacio.com\/es\/explorando-los-beneficios-de-la-tecnica-tre-liberando-tension-y-recuperando-el-equilibrio-2\/\">Explorando los beneficios de la t\u00e9cnica TRE: liberando tensi\u00f3n y recuperando el equilibrio<\/a><\/h3><p itemprop=\"description\" class=\"q_masonry_blog_excerpt\"><br \/>En un mundo en el que el estr\u00e9s y la tensi\u00f3n parecen omnipresentes, encontrar maneras efectivas de relajarse y restaurar el equilibrio es esencial para nuestra salud y bienestar. En este sentido, la T\u00e9cnica TRE ofrece una oportunidad \u00fanica para liberar patrones profundos de tensi\u00f3n, estr\u00e9s y trauma, permitiendo al cuerpo recuperar su estado natural de bienestar y equilibrio. Hoy, exploraremos los beneficios de esta pr\u00e1ctica transformadora y c\u00f3mo puede ayudarnos a encontrar la calma en medio del caos. <a class=\"continue\" href=\"https:\/\/www.salutialimentacio.com\/es\/explorando-los-beneficios-de-la-tecnica-tre-liberando-tension-y-recuperando-el-equilibrio-2\/\">CONTINUAR >><span> Explorando los beneficios de la t\u00e9cnica TRE: liberando tensi\u00f3n y recuperando el equilibrio<\/span><\/a>...<\/p><div class=\"q_masonry_blog_post_info\"><span itemprop=\"dateCreated\" class=\"time entry_date updated\">18 febrero, 2025<meta itemprop=\"interactionCount\" content=\"UserComments: <?php echo get_comments_number(qode_get_page_id()); ?>\"\/><\/span><\/div><\/div><\/article><article  class='post-1113 post type-post status-publish format-standard has-post-thumbnail hentry category-sin-categorizar '><div class=\"q_masonry_blog_post_image\"><a itemprop=\"url\" href=\"https:\/\/www.salutialimentacio.com\/es\/explorando-los-beneficios-de-la-tecnica-tre-liberando-tension-y-recuperando-el-equilibrio\/\" target=\"_self\"><img decoding=\"async\" itemprop=\"image\" src=\"https:\/\/www.salutialimentacio.com\/wp-content\/uploads\/2024\/03\/salut-i-alimentacio-blog-tre-2-1.jpg\" alt=\"Persona estirada practicant TRE\" \/><\/a><\/div><div class=\"q_masonry_blog_post_text\"><h3 itemprop=\"name\" class=\"q_masonry_blog_title entry_title\"><a itemprop=\"url\" href=\"https:\/\/www.salutialimentacio.com\/es\/explorando-los-beneficios-de-la-tecnica-tre-liberando-tension-y-recuperando-el-equilibrio\/\">Explorando los beneficios de la t\u00e9cnica TRE: liberando tensi\u00f3n y recuperando el equilibrio<\/a><\/h3><p itemprop=\"description\" class=\"q_masonry_blog_excerpt\"><br \/>En un mundo en el que el estr\u00e9s y la tensi\u00f3n parecen omnipresentes, encontrar maneras efectivas de relajarse y restaurar el equilibrio es esencial para nuestra salud y bienestar. En este sentido, la T\u00e9cnica TRE ofrece una oportunidad \u00fanica para liberar patrones profundos de tensi\u00f3n, estr\u00e9s y trauma, permitiendo al cuerpo recuperar su estado natural de bienestar y equilibrio. Hoy, exploraremos los beneficios de esta pr\u00e1ctica transformadora y c\u00f3mo puede ayudarnos a encontrar la calma en medio del caos. <a class=\"continue\" href=\"https:\/\/www.salutialimentacio.com\/es\/explorando-los-beneficios-de-la-tecnica-tre-liberando-tension-y-recuperando-el-equilibrio\/\">CONTINUAR >><span> Explorando los beneficios de la t\u00e9cnica TRE: liberando tensi\u00f3n y recuperando el equilibrio<\/span><\/a>...<\/p><div class=\"q_masonry_blog_post_info\"><span itemprop=\"dateCreated\" class=\"time entry_date updated\">26 marzo, 2024<meta itemprop=\"interactionCount\" content=\"UserComments: <?php echo get_comments_number(qode_get_page_id()); ?>\"\/><\/span><\/div><\/div><\/article><article  class='post-1116 post type-post status-publish format-standard has-post-thumbnail hentry category-sin-categorizar '><div class=\"q_masonry_blog_post_image\"><a itemprop=\"url\" href=\"https:\/\/www.salutialimentacio.com\/es\/descubre-el-batch-cooking-una-herramienta-para-un-estilo-de-vida-saludable-y-eficiente\/\" target=\"_self\"><img decoding=\"async\" itemprop=\"image\" src=\"https:\/\/www.salutialimentacio.com\/wp-content\/uploads\/2024\/03\/salut-i-alimentacio-blog-batch-cooking-2-1.jpg\" alt=\"Bach Cooking\" \/><\/a><\/div><div class=\"q_masonry_blog_post_text\"><h3 itemprop=\"name\" class=\"q_masonry_blog_title entry_title\"><a itemprop=\"url\" href=\"https:\/\/www.salutialimentacio.com\/es\/descubre-el-batch-cooking-una-herramienta-para-un-estilo-de-vida-saludable-y-eficiente\/\">Descubre el Batch Cooking: Una Herramienta para un Estilo de Vida Saludable y Eficiente<\/a><\/h3><p itemprop=\"description\" class=\"q_masonry_blog_excerpt\"><br \/>En el mundo agitado de hoy, encontrar tiempo para cocinar comidas saludables puede ser un reto. Es aqu\u00ed donde entra en juego el concepto de \u201cbatch cooking\u201d o \u201cmeal prep\u201d, un m\u00e9todo de organizaci\u00f3n que no s\u00f3lo facilita la adopci\u00f3n de un estilo de vida saludable, sino que tambi\u00e9n nos ayuda a ahorrar tiempo y esfuerzos en la cocina. Originario de Estados Unidos, esta pr\u00e1ctica literalmente significa \"cocinar en lotes\", y consiste en la preparaci\u00f3n de una gran cantidad de alimentos en una sesi\u00f3n de cocina para tener comidas saludables y f\u00e1ciles de preparar durante toda la semana. <a class=\"continue\" href=\"https:\/\/www.salutialimentacio.com\/es\/descubre-el-batch-cooking-una-herramienta-para-un-estilo-de-vida-saludable-y-eficiente\/\">CONTINUAR >><span> Descubre el Batch Cooking: Una Herramienta para un Estilo de Vida Saludable y Eficiente<\/span><\/a>...<\/p><div class=\"q_masonry_blog_post_info\"><span itemprop=\"dateCreated\" class=\"time entry_date updated\">26 marzo, 2024<meta itemprop=\"interactionCount\" content=\"UserComments: <?php echo get_comments_number(qode_get_page_id()); ?>\"\/><\/span><\/div><\/div><\/article><article  class='post-1118 post type-post status-publish format-standard has-post-thumbnail hentry category-sin-categorizar '><div class=\"q_masonry_blog_post_image\"><a itemprop=\"url\" href=\"https:\/\/www.salutialimentacio.com\/es\/descubre-las-claves-para-un-estilo-de-vida-saludable-y-vibrante\/\" target=\"_self\"><img decoding=\"async\" itemprop=\"image\" src=\"https:\/\/www.salutialimentacio.com\/wp-content\/uploads\/2024\/03\/salut-i-alimentacio-blog-estil-de-vida-saludable-2-1.jpg\" alt=\"Eines per un estil de vida saludable\" \/><\/a><\/div><div class=\"q_masonry_blog_post_text\"><h3 itemprop=\"name\" class=\"q_masonry_blog_title entry_title\"><a itemprop=\"url\" href=\"https:\/\/www.salutialimentacio.com\/es\/descubre-las-claves-para-un-estilo-de-vida-saludable-y-vibrante\/\">Descubre las claves para un estilo de vida saludable y vibrante<\/a><\/h3><p itemprop=\"description\" class=\"q_masonry_blog_excerpt\"><br \/>En el camino hacia una vida plena y saludable, es esencial disponer de las llaves adecuadas que nos abren las puertas hacia el bienestar hol\u00edstico. Estas claves no s\u00f3lo nos gu\u00edan hacia una alimentaci\u00f3n nutritiva, sino que tambi\u00e9n ayudan a cultivar una salud f\u00edsica y emocional que perdura en el tiempo. Hoy nos aventuraremos a descubrir algunas de estas claves, proporcion\u00e1ndote las herramientas necesarias para abrazar un estilo de vida saludable y vibrante. <a class=\"continue\" href=\"https:\/\/www.salutialimentacio.com\/es\/descubre-las-claves-para-un-estilo-de-vida-saludable-y-vibrante\/\">CONTINUAR >><span> Descubre las claves para un estilo de vida saludable y vibrante<\/span><\/a>...<\/p><div class=\"q_masonry_blog_post_info\"><span itemprop=\"dateCreated\" class=\"time entry_date updated\">26 marzo, 2024<meta itemprop=\"interactionCount\" content=\"UserComments: <?php echo get_comments_number(qode_get_page_id()); ?>\"\/><\/span><\/div><\/div><\/article><article  class='post-1120 post type-post status-publish format-standard has-post-thumbnail hentry category-sin-categorizar '><div class=\"q_masonry_blog_post_image\"><a itemprop=\"url\" href=\"https:\/\/www.salutialimentacio.com\/es\/descifrando-los-beneficios-del-trabajo-a-la-fuerza-la-clave-para-una-vida-plena\/\" target=\"_self\"><img decoding=\"async\" itemprop=\"image\" src=\"https:\/\/www.salutialimentacio.com\/wp-content\/uploads\/2024\/03\/salut-i-alimentacio-blog-treball-forca-2-1.jpg\" alt=\"Persona fent treball de for\u00e7a\" \/><\/a><\/div><div class=\"q_masonry_blog_post_text\"><h3 itemprop=\"name\" class=\"q_masonry_blog_title entry_title\"><a itemprop=\"url\" href=\"https:\/\/www.salutialimentacio.com\/es\/descifrando-los-beneficios-del-trabajo-a-la-fuerza-la-clave-para-una-vida-plena\/\">Descifrando los beneficios del trabajo a la fuerza: La clave para una vida plena<\/a><\/h3><p itemprop=\"description\" class=\"q_masonry_blog_excerpt\"><br \/>En la incesante b\u00fasqueda de la fuente de la juventud, muchas personas obvian una de las pastillas m\u00e1s poderosas y accesibles: el ejercicio de fuerza. M\u00e1s all\u00e1 de la apariencia muscular, el trabajo de la musculatura tiene un impacto profundo en nuestra salud y bienestar, ofreciendo una serie de beneficios que afectan a todo el cuerpo, desde los huesos hasta las hormonas. Hoy, profundizaremos en las m\u00faltiples ventajas que nos ofrece este tipo de entrenamiento, explorando c\u00f3mo puede ser la clave para una vida plena y vibrante. <a class=\"continue\" href=\"https:\/\/www.salutialimentacio.com\/es\/descifrando-los-beneficios-del-trabajo-a-la-fuerza-la-clave-para-una-vida-plena\/\">CONTINUAR >><span> Descifrando los beneficios del trabajo a la fuerza: La clave para una vida plena<\/span><\/a>...<\/p><div class=\"q_masonry_blog_post_info\"><span itemprop=\"dateCreated\" class=\"time entry_date updated\">26 marzo, 2024<meta itemprop=\"interactionCount\" content=\"UserComments: <?php echo get_comments_number(qode_get_page_id()); ?>\"\/><\/span><\/div><\/div><\/article><\/div>[\/vc_column][\/vc_row][vc_row css_animation=\u00bb\u00bb row_type=\u00bbrow\u00bb use_row_as_full_screen_section=\u00bbno\u00bb type=\u00bbfull_width\u00bb angled_section=\u00bbno\u00bb text_align=\u00bbleft\u00bb background_image_as_pattern=\u00bbwithout_pattern\u00bb z_index=\u00bb10&#8243;][vc_column offset=\u00bbvc_hidden-xs\u00bb][vc_single_image image=\u00bb605&#8243; img_size=\u00bbfull\u00bb alignment=\u00bbcenter\u00bb qode_css_animation=\u00bb\u00bb][\/vc_column][\/vc_row][vc_row css_animation=\u00bb\u00bb row_type=\u00bbrow\u00bb use_row_as_full_screen_section=\u00bbno\u00bb type=\u00bbfull_width\u00bb angled_section=\u00bbno\u00bb text_align=\u00bbleft\u00bb background_image_as_pattern=\u00bbwithout_pattern\u00bb z_index=\u00bb5&#8243;][vc_column css=\u00bb.vc_custom_1714636616077{margin-top: -130px !important;}\u00bb offset=\u00bbvc_hidden-xs\u00bb][vc_empty_space height=\u00bb35&#8243;]<div class=\"call_to_action normal\" style=\"background-color: #49323a;padding-top: 87px;padding-bottom: 87px;\"><div class=\"container_inner\"><div class=\"two_columns_75_25 clearfix\"><div class=\"text_wrapper column1\"><div class=\"call_to_action_text  font_size_inherit font_weight_inherit letter_spacing_inherit\" style=\"font-size:36px;font-weight: 700;letter-spacing: 0px;\">Por cualquier consulta&#8230;<\/div><\/div><div class=\"button_wrapper column2\"><a itemprop=\"url\" href=\"\/es\/contacto\/\" class=\"qbutton white small\" target=\"_self\" style=\"color: #ffffff;border-color: #ffffff;background-color: #49323a;\" data-hover-background-color=#ffffff data-hover-border-color=#ffffff data-hover-color=#49323a>CONTACTA CON NOSOTROS<\/a><\/div><\/div><\/div><\/div>[\/vc_column][\/vc_row][vc_row css_animation=\u00bb\u00bb row_type=\u00bbrow\u00bb use_row_as_full_screen_section=\u00bbno\u00bb type=\u00bbfull_width\u00bb angled_section=\u00bbno\u00bb text_align=\u00bbleft\u00bb background_image_as_pattern=\u00bbwithout_pattern\u00bb][vc_column offset=\u00bbvc_hidden-lg vc_hidden-md vc_hidden-sm\u00bb][vc_empty_space height=\u00bb100&#8243;][\/vc_column][\/vc_row][vc_row css_animation=\u00bb\u00bb row_type=\u00bbrow\u00bb use_row_as_full_screen_section=\u00bbno\u00bb type=\u00bbfull_width\u00bb angled_section=\u00bbno\u00bb text_align=\u00bbleft\u00bb background_image_as_pattern=\u00bbwithout_pattern\u00bb z_index=\u00bb\u00bb][vc_column css=\u00bb.vc_custom_1714636625689{margin-top: -130px !important;}\u00bb offset=\u00bbvc_hidden-lg vc_hidden-md vc_hidden-sm\u00bb][vc_empty_space height=\u00bb35&#8243;]<div class=\"call_to_action normal\" style=\"background-color: #49323a;padding-top: 50px;padding-bottom: 50px;\"><div class=\"container_inner\"><div class=\"two_columns_75_25 clearfix\"><div class=\"text_wrapper column1\"><div class=\"call_to_action_text  font_size_inherit font_weight_inherit letter_spacing_inherit\" style=\"font-size:24px;font-weight: 700;letter-spacing: 0px;\">Por cualquier consulta&#8230;<\/div><\/div><div class=\"button_wrapper column2\"><a itemprop=\"url\" href=\"\/es\/contacto\/\" class=\"qbutton white small\" target=\"_self\" style=\"color: #ffffff;border-color: #ffffff;background-color: #49323a;\" data-hover-background-color=#ffffff data-hover-border-color=#ffffff data-hover-color=#49323a>CONTACTA CON NOSOTROS<\/a><\/div><\/div><\/div><\/div>[\/vc_column][\/vc_row]<\/p>\n<\/div>","protected":false},"excerpt":{"rendered":"<p>[vc_row css_animation=\u00bb\u00bb row_type=\u00bbrow\u00bb use_row_as_full_screen_section=\u00bbno\u00bb type=\u00bbfull_width\u00bb angled_section=\u00bbno\u00bb text_align=\u00bbleft\u00bb background_image_as_pattern=\u00bbwithout_pattern\u00bb][vc_column][vc_single_image image=\u00bb457&#8243; img_size=\u00bbfull\u00bb alignment=\u00bbcenter\u00bb qode_css_animation=\u00bb\u00bb][\/vc_column][\/vc_row][vc_row css_animation=\u00bb\u00bb row_type=\u00bbrow\u00bb use_row_as_full_screen_section=\u00bbno\u00bb type=\u00bbgrid\u00bb angled_section=\u00bbno\u00bb text_align=\u00bbleft\u00bb background_image_as_pattern=\u00bbwithout_pattern\u00bb z_index=\u00bb\u00bb padding_top=\u00bb30&#8243;][vc_column][vc_column_text] INICIO \/ BLOG [\/vc_column_text][\/vc_column][\/vc_row][vc_row&hellip; <a class=\"continue\" href=\"https:\/\/www.salutialimentacio.com\/es\/descifrando-los-beneficios-del-trabajo-a-la-fuerza-la-clave-para-una-vida-plena\/\">CONTINUAR >><span> Descifrando los beneficios del trabajo a la fuerza: La clave para una vida plena<\/span><\/a> <a class=\"continue\" href=\"https:\/\/www.salutialimentacio.com\/es\/descifrando-los-beneficios-del-trabajo-a-la-fuerza-la-clave-para-una-vida-plena\/\">CONTINUAR >><span> Descifrando los beneficios del trabajo a la fuerza: La clave para una vida plena<\/span><\/a><\/p>\n","protected":false},"author":1,"featured_media":0,"parent":0,"menu_order":0,"comment_status":"closed","ping_status":"closed","template":"full_width.php","meta":{"footnotes":""},"class_list":["post-1110","page","type-page","status-publish","hentry"],"_links":{"self":[{"href":"https:\/\/www.salutialimentacio.com\/es\/wp-json\/wp\/v2\/pages\/1110","targetHints":{"allow":["GET"]}}],"collection":[{"href":"https:\/\/www.salutialimentacio.com\/es\/wp-json\/wp\/v2\/pages"}],"about":[{"href":"https:\/\/www.salutialimentacio.com\/es\/wp-json\/wp\/v2\/types\/page"}],"author":[{"embeddable":true,"href":"https:\/\/www.salutialimentacio.com\/es\/wp-json\/wp\/v2\/users\/1"}],"replies":[{"embeddable":true,"href":"https:\/\/www.salutialimentacio.com\/es\/wp-json\/wp\/v2\/comments?post=1110"}],"version-history":[{"count":2,"href":"https:\/\/www.salutialimentacio.com\/es\/wp-json\/wp\/v2\/pages\/1110\/revisions"}],"predecessor-version":[{"id":1159,"href":"https:\/\/www.salutialimentacio.com\/es\/wp-json\/wp\/v2\/pages\/1110\/revisions\/1159"}],"wp:attachment":[{"href":"https:\/\/www.salutialimentacio.com\/es\/wp-json\/wp\/v2\/media?parent=1110"}],"curies":[{"name":"wp","href":"https:\/\/api.w.org\/{rel}","templated":true}]}}